{"id":9848,"date":"2023-08-22T16:04:54","date_gmt":"2023-08-22T14:04:54","guid":{"rendered":"https:\/\/uniludes.ch\/?page_id=9848"},"modified":"2025-10-07T13:00:31","modified_gmt":"2025-10-07T11:00:31","slug":"intranet","status":"publish","type":"page","link":"https:\/\/uniludes.ch\/fr\/intranet\/","title":{"rendered":"Intranet"},"content":{"rendered":"\t\t<div data-elementor-type=\"wp-page\" data-elementor-id=\"9848\" class=\"elementor elementor-9848 elementor-9846\">\n\t\t\t\t\t\t<section class=\"porto-full-no-gap elementor-section elementor-top-section elementor-element elementor-element-201c658 elementor-section-full_width elementor-section-content-middle elementor-section-height-default elementor-section-height-default\" data-id=\"201c658\" data-element_type=\"section\" data-e-type=\"section\" data-settings=\"{&quot;background_background&quot;:&quot;classic&quot;}\">\r\n\t\t\r\n\t\t\t\t\t\t\t<div class=\"elementor-container elementor-column-gap-no\">\r\n\t\t\t\t\t\t\t\t\t\t\t<div class=\"elementor-column elementor-col-50 elementor-top-column elementor-element elementor-element-1dca54f\" data-id=\"1dca54f\" data-element_type=\"column\" data-e-type=\"column\" data-settings=\"{&quot;background_background&quot;:&quot;classic&quot;}\">\r\n\t\t\t\t\t<div class=\"elementor-widget-wrap elementor-element-populated\">\r\n\t\t\t\t\t\t\t\t<div class=\"elementor-element elementor-element-a4f7234 elementor-widget__width-auto elementor-absolute e-transform elementor-widget elementor-widget-image\" data-id=\"a4f7234\" data-element_type=\"widget\" data-e-type=\"widget\" data-settings=\"{&quot;_position&quot;:&quot;absolute&quot;,&quot;_transform_rotateZ_effect&quot;:{&quot;unit&quot;:&quot;px&quot;,&quot;size&quot;:270,&quot;sizes&quot;:[]},&quot;_transform_rotateZ_effect_tablet&quot;:{&quot;unit&quot;:&quot;deg&quot;,&quot;size&quot;:&quot;&quot;,&quot;sizes&quot;:[]},&quot;_transform_rotateZ_effect_mobile&quot;:{&quot;unit&quot;:&quot;deg&quot;,&quot;size&quot;:&quot;&quot;,&quot;sizes&quot;:[]}}\" data-widget_type=\"image.default\">\n\t\t\t\t<div class=\"elementor-widget-container\">\n\t\t\t\t\t\t\t\t\t\t\t\t\t\t\t<img decoding=\"async\" width=\"123\" height=\"126\" src=\"https:\/\/uniludes.ch\/wp-content\/uploads\/2023\/03\/beauty_home_slide1_dots.png\" class=\"attachment-large size-large wp-image-4484\" alt=\"\" \/>\t\t\t\t\t\t\t\t\t\t\t\t\t\t\t<\/div>\n\t\t\t\t<\/div>\n\t\t\t\t\t<\/div>\r\n\t\t\t\t<\/div>\r\n\t\t\t\t<div class=\"elementor-column elementor-col-50 elementor-top-column elementor-element elementor-element-24f6e78 py-5 pl-lg-4 pl-xl-5\" data-id=\"24f6e78\" data-element_type=\"column\" data-e-type=\"column\" data-settings=\"{&quot;background_background&quot;:&quot;classic&quot;}\">\r\n\t\t\t\t\t<div class=\"col-half-section col-fullwidth-md elementor-widget-wrap elementor-element-populated\">\r\n\t\t\t\t\t\t\t\t<div class=\"elementor-element elementor-element-b656e49 elementor-widget elementor-widget-porto_button\" data-id=\"b656e49\" data-element_type=\"widget\" data-e-type=\"widget\" data-widget_type=\"porto_button.default\">\n\t\t\t\t<div class=\"elementor-widget-container\">\n\t\t\t\t\t<a class=\"btn btn-xl btn-secondary btn-block btn-icon\" href=\"https:\/\/campusludes-ca2025-2026.hyperplanning.fr\/hp\" target=\"_blank\"><i class=\"Simple-Line-Icons-globe\"><\/i><span >HYPERPLANNING<\/span><\/a>\t\t\t\t<\/div>\n\t\t\t\t<\/div>\n\t\t\t\t\t<\/div>\r\n\t\t\t\t<\/div>\r\n\t\t\t\t\t<\/div>\r\n\t\t\t\t<\/section>\r\n\t\t\t\t<\/div>\n\t\t","protected":false},"excerpt":{"rendered":"<p>HYPERPLANNING<\/p>\n","protected":false},"author":4,"featured_media":0,"parent":0,"menu_order":0,"comment_status":"closed","ping_status":"closed","template":"","meta":{"_acf_changed":false,"footnotes":""},"class_list":["post-9848","page","type-page","status-publish","hentry"],"acf":[],"yoast_head":"<!-- This site is optimized with the Yoast SEO plugin v27.3 - https:\/\/yoast.com\/product\/yoast-seo-wordpress\/ -->\n<title>Espace r\u00e9serv\u00e9 - moodle access psychologie, physioth\u00e9rapie &#187; Campus L.U.De.S.<\/title>\n<meta name=\"description\" content=\"Campus Ludes zone r\u00e9serv\u00e9e. Acc\u00e8s \u00e0 moodle psychologie, moodle kin\u00e9sith\u00e9rapie. Page d&#039;acc\u00e8s \u00e0 l&#039;espace r\u00e9serv\u00e9 du Campus Ludes\" \/>\n<meta name=\"robots\" content=\"index, follow, max-snippet:-1, max-image-preview:large, max-video-preview:-1\" \/>\n<link rel=\"canonical\" href=\"https:\/\/uniludes.ch\/fr\/intranet\/\" \/>\n<meta property=\"og:locale\" content=\"fr_FR\" \/>\n<meta property=\"og:type\" content=\"article\" \/>\n<meta property=\"og:title\" content=\"Espace r\u00e9serv\u00e9 - moodle access psychologie, physioth\u00e9rapie &#187; Campus L.U.De.S.\" \/>\n<meta property=\"og:description\" content=\"Campus Ludes zone r\u00e9serv\u00e9e. Acc\u00e8s \u00e0 moodle psychologie, moodle kin\u00e9sith\u00e9rapie. Page d&#039;acc\u00e8s \u00e0 l&#039;espace r\u00e9serv\u00e9 du Campus Ludes\" \/>\n<meta property=\"og:url\" content=\"https:\/\/uniludes.ch\/fr\/intranet\/\" \/>\n<meta property=\"og:site_name\" content=\"Campus L.U.De.S.\" \/>\n<meta property=\"article:publisher\" content=\"https:\/\/www.facebook.com\/LudesLuganoCampus\/\" \/>\n<meta property=\"article:modified_time\" content=\"2025-10-07T11:00:31+00:00\" \/>\n<meta property=\"og:image\" content=\"https:\/\/uniludes.ch\/wp-content\/uploads\/2023\/03\/beauty_home_slide1_dots.png\" \/>\n<meta name=\"twitter:card\" content=\"summary_large_image\" \/>\n<meta name=\"twitter:label1\" content=\"Dur\u00e9e de lecture estim\u00e9e\" \/>\n\t<meta name=\"twitter:data1\" content=\"1 minute\" \/>\n<script type=\"application\/ld+json\" class=\"yoast-schema-graph\">{\"@context\":\"https:\\\/\\\/schema.org\",\"@graph\":[{\"@type\":\"WebPage\",\"@id\":\"https:\\\/\\\/uniludes.ch\\\/fr\\\/intranet\\\/\",\"url\":\"https:\\\/\\\/uniludes.ch\\\/fr\\\/intranet\\\/\",\"name\":\"Espace r\u00e9serv\u00e9 - moodle access psychologie, physioth\u00e9rapie &#187; Campus L.U.De.S.\",\"isPartOf\":{\"@id\":\"https:\\\/\\\/uniludes.ch\\\/fr\\\/#website\"},\"primaryImageOfPage\":{\"@id\":\"https:\\\/\\\/uniludes.ch\\\/fr\\\/intranet\\\/#primaryimage\"},\"image\":{\"@id\":\"https:\\\/\\\/uniludes.ch\\\/fr\\\/intranet\\\/#primaryimage\"},\"thumbnailUrl\":\"https:\\\/\\\/uniludes.ch\\\/wp-content\\\/uploads\\\/2023\\\/03\\\/beauty_home_slide1_dots.png\",\"datePublished\":\"2023-08-22T14:04:54+00:00\",\"dateModified\":\"2025-10-07T11:00:31+00:00\",\"description\":\"Campus Ludes zone r\u00e9serv\u00e9e. Acc\u00e8s \u00e0 moodle psychologie, moodle kin\u00e9sith\u00e9rapie. Page d'acc\u00e8s \u00e0 l'espace r\u00e9serv\u00e9 du Campus Ludes\",\"breadcrumb\":{\"@id\":\"https:\\\/\\\/uniludes.ch\\\/fr\\\/intranet\\\/#breadcrumb\"},\"inLanguage\":\"fr-FR\",\"potentialAction\":[{\"@type\":\"ReadAction\",\"target\":[\"https:\\\/\\\/uniludes.ch\\\/fr\\\/intranet\\\/\"]}]},{\"@type\":\"ImageObject\",\"inLanguage\":\"fr-FR\",\"@id\":\"https:\\\/\\\/uniludes.ch\\\/fr\\\/intranet\\\/#primaryimage\",\"url\":\"https:\\\/\\\/uniludes.ch\\\/wp-content\\\/uploads\\\/2023\\\/03\\\/beauty_home_slide1_dots.png\",\"contentUrl\":\"https:\\\/\\\/uniludes.ch\\\/wp-content\\\/uploads\\\/2023\\\/03\\\/beauty_home_slide1_dots.png\"},{\"@type\":\"BreadcrumbList\",\"@id\":\"https:\\\/\\\/uniludes.ch\\\/fr\\\/intranet\\\/#breadcrumb\",\"itemListElement\":[{\"@type\":\"ListItem\",\"position\":1,\"name\":\"Home\",\"item\":\"https:\\\/\\\/uniludes.ch\\\/fr\\\/\"},{\"@type\":\"ListItem\",\"position\":2,\"name\":\"Intranet\"}]},{\"@type\":\"WebSite\",\"@id\":\"https:\\\/\\\/uniludes.ch\\\/fr\\\/#website\",\"url\":\"https:\\\/\\\/uniludes.ch\\\/fr\\\/\",\"name\":\"Campus L.U.De.S.\",\"description\":\"Istituto Universitario Professionale *\",\"publisher\":{\"@id\":\"https:\\\/\\\/uniludes.ch\\\/fr\\\/#organization\"},\"potentialAction\":[{\"@type\":\"SearchAction\",\"target\":{\"@type\":\"EntryPoint\",\"urlTemplate\":\"https:\\\/\\\/uniludes.ch\\\/fr\\\/?s={search_term_string}\"},\"query-input\":{\"@type\":\"PropertyValueSpecification\",\"valueRequired\":true,\"valueName\":\"search_term_string\"}}],\"inLanguage\":\"fr-FR\"},{\"@type\":\"Organization\",\"@id\":\"https:\\\/\\\/uniludes.ch\\\/fr\\\/#organization\",\"name\":\"Campus L.U.De.S.\",\"url\":\"https:\\\/\\\/uniludes.ch\\\/fr\\\/\",\"logo\":{\"@type\":\"ImageObject\",\"inLanguage\":\"fr-FR\",\"@id\":\"https:\\\/\\\/uniludes.ch\\\/fr\\\/#\\\/schema\\\/logo\\\/image\\\/\",\"url\":\"https:\\\/\\\/uniludes.ch\\\/wp-content\\\/uploads\\\/2023\\\/03\\\/LOGO-PER-SITO-350X100.png\",\"contentUrl\":\"https:\\\/\\\/uniludes.ch\\\/wp-content\\\/uploads\\\/2023\\\/03\\\/LOGO-PER-SITO-350X100.png\",\"width\":350,\"height\":100,\"caption\":\"Campus L.U.De.S.\"},\"image\":{\"@id\":\"https:\\\/\\\/uniludes.ch\\\/fr\\\/#\\\/schema\\\/logo\\\/image\\\/\"},\"sameAs\":[\"https:\\\/\\\/www.facebook.com\\\/LudesLuganoCampus\\\/\",\"https:\\\/\\\/www.linkedin.com\\\/company\\\/l-u-de-s-university\\\/about\\\/\",\"https:\\\/\\\/www.instagram.com\\\/ludes_lugano_campus\\\/\"]}]}<\/script>\n<!-- \/ Yoast SEO plugin. -->","yoast_head_json":{"title":"Espace r\u00e9serv\u00e9 - moodle access psychologie, physioth\u00e9rapie &#187; Campus L.U.De.S.","description":"Campus Ludes zone r\u00e9serv\u00e9e. Acc\u00e8s \u00e0 moodle psychologie, moodle kin\u00e9sith\u00e9rapie. Page d'acc\u00e8s \u00e0 l'espace r\u00e9serv\u00e9 du Campus Ludes","robots":{"index":"index","follow":"follow","max-snippet":"max-snippet:-1","max-image-preview":"max-image-preview:large","max-video-preview":"max-video-preview:-1"},"canonical":"https:\/\/uniludes.ch\/fr\/intranet\/","og_locale":"fr_FR","og_type":"article","og_title":"Espace r\u00e9serv\u00e9 - moodle access psychologie, physioth\u00e9rapie &#187; Campus L.U.De.S.","og_description":"Campus Ludes zone r\u00e9serv\u00e9e. Acc\u00e8s \u00e0 moodle psychologie, moodle kin\u00e9sith\u00e9rapie. Page d'acc\u00e8s \u00e0 l'espace r\u00e9serv\u00e9 du Campus Ludes","og_url":"https:\/\/uniludes.ch\/fr\/intranet\/","og_site_name":"Campus L.U.De.S.","article_publisher":"https:\/\/www.facebook.com\/LudesLuganoCampus\/","article_modified_time":"2025-10-07T11:00:31+00:00","og_image":[{"url":"https:\/\/uniludes.ch\/wp-content\/uploads\/2023\/03\/beauty_home_slide1_dots.png","type":"","width":"","height":""}],"twitter_card":"summary_large_image","twitter_misc":{"Dur\u00e9e de lecture estim\u00e9e":"1 minute"},"schema":{"@context":"https:\/\/schema.org","@graph":[{"@type":"WebPage","@id":"https:\/\/uniludes.ch\/fr\/intranet\/","url":"https:\/\/uniludes.ch\/fr\/intranet\/","name":"Espace r\u00e9serv\u00e9 - moodle access psychologie, physioth\u00e9rapie &#187; Campus L.U.De.S.","isPartOf":{"@id":"https:\/\/uniludes.ch\/fr\/#website"},"primaryImageOfPage":{"@id":"https:\/\/uniludes.ch\/fr\/intranet\/#primaryimage"},"image":{"@id":"https:\/\/uniludes.ch\/fr\/intranet\/#primaryimage"},"thumbnailUrl":"https:\/\/uniludes.ch\/wp-content\/uploads\/2023\/03\/beauty_home_slide1_dots.png","datePublished":"2023-08-22T14:04:54+00:00","dateModified":"2025-10-07T11:00:31+00:00","description":"Campus Ludes zone r\u00e9serv\u00e9e. Acc\u00e8s \u00e0 moodle psychologie, moodle kin\u00e9sith\u00e9rapie. Page d'acc\u00e8s \u00e0 l'espace r\u00e9serv\u00e9 du Campus Ludes","breadcrumb":{"@id":"https:\/\/uniludes.ch\/fr\/intranet\/#breadcrumb"},"inLanguage":"fr-FR","potentialAction":[{"@type":"ReadAction","target":["https:\/\/uniludes.ch\/fr\/intranet\/"]}]},{"@type":"ImageObject","inLanguage":"fr-FR","@id":"https:\/\/uniludes.ch\/fr\/intranet\/#primaryimage","url":"https:\/\/uniludes.ch\/wp-content\/uploads\/2023\/03\/beauty_home_slide1_dots.png","contentUrl":"https:\/\/uniludes.ch\/wp-content\/uploads\/2023\/03\/beauty_home_slide1_dots.png"},{"@type":"BreadcrumbList","@id":"https:\/\/uniludes.ch\/fr\/intranet\/#breadcrumb","itemListElement":[{"@type":"ListItem","position":1,"name":"Home","item":"https:\/\/uniludes.ch\/fr\/"},{"@type":"ListItem","position":2,"name":"Intranet"}]},{"@type":"WebSite","@id":"https:\/\/uniludes.ch\/fr\/#website","url":"https:\/\/uniludes.ch\/fr\/","name":"Campus L.U.De.S.","description":"Istituto Universitario Professionale *","publisher":{"@id":"https:\/\/uniludes.ch\/fr\/#organization"},"potentialAction":[{"@type":"SearchAction","target":{"@type":"EntryPoint","urlTemplate":"https:\/\/uniludes.ch\/fr\/?s={search_term_string}"},"query-input":{"@type":"PropertyValueSpecification","valueRequired":true,"valueName":"search_term_string"}}],"inLanguage":"fr-FR"},{"@type":"Organization","@id":"https:\/\/uniludes.ch\/fr\/#organization","name":"Campus L.U.De.S.","url":"https:\/\/uniludes.ch\/fr\/","logo":{"@type":"ImageObject","inLanguage":"fr-FR","@id":"https:\/\/uniludes.ch\/fr\/#\/schema\/logo\/image\/","url":"https:\/\/uniludes.ch\/wp-content\/uploads\/2023\/03\/LOGO-PER-SITO-350X100.png","contentUrl":"https:\/\/uniludes.ch\/wp-content\/uploads\/2023\/03\/LOGO-PER-SITO-350X100.png","width":350,"height":100,"caption":"Campus L.U.De.S."},"image":{"@id":"https:\/\/uniludes.ch\/fr\/#\/schema\/logo\/image\/"},"sameAs":["https:\/\/www.facebook.com\/LudesLuganoCampus\/","https:\/\/www.linkedin.com\/company\/l-u-de-s-university\/about\/","https:\/\/www.instagram.com\/ludes_lugano_campus\/"]}]}},"_links":{"self":[{"href":"https:\/\/uniludes.ch\/fr\/wp-json\/wp\/v2\/pages\/9848","targetHints":{"allow":["GET"]}}],"collection":[{"href":"https:\/\/uniludes.ch\/fr\/wp-json\/wp\/v2\/pages"}],"about":[{"href":"https:\/\/uniludes.ch\/fr\/wp-json\/wp\/v2\/types\/page"}],"author":[{"embeddable":true,"href":"https:\/\/uniludes.ch\/fr\/wp-json\/wp\/v2\/users\/4"}],"replies":[{"embeddable":true,"href":"https:\/\/uniludes.ch\/fr\/wp-json\/wp\/v2\/comments?post=9848"}],"version-history":[{"count":3,"href":"https:\/\/uniludes.ch\/fr\/wp-json\/wp\/v2\/pages\/9848\/revisions"}],"predecessor-version":[{"id":39169,"href":"https:\/\/uniludes.ch\/fr\/wp-json\/wp\/v2\/pages\/9848\/revisions\/39169"}],"wp:attachment":[{"href":"https:\/\/uniludes.ch\/fr\/wp-json\/wp\/v2\/media?parent=9848"}],"curies":[{"name":"wp","href":"https:\/\/api.w.org\/{rel}","templated":true}]}}