{"id":4883,"date":"2023-04-26T16:47:02","date_gmt":"2023-04-26T14:47:02","guid":{"rendered":"https:\/\/uniludes.ch\/les-amis-du-campus\/"},"modified":"2025-06-05T13:29:30","modified_gmt":"2025-06-05T11:29:30","slug":"les-amis-du-campus","status":"publish","type":"page","link":"https:\/\/uniludes.ch\/fr\/les-amis-du-campus\/","title":{"rendered":"Les amis du Campus"},"content":{"rendered":"\t\t<div data-elementor-type=\"wp-page\" data-elementor-id=\"4883\" class=\"elementor elementor-4883 elementor-2125\">\n\t\t\t\t\t\t<section class=\"elementor-section elementor-top-section elementor-element elementor-element-ced44d2 flex-wrap elementor-section-boxed elementor-section-height-default elementor-section-height-default elementor-invisible\" data-id=\"ced44d2\" data-element_type=\"section\" data-e-type=\"section\" data-settings=\"{&quot;background_background&quot;:&quot;classic&quot;,&quot;animation&quot;:&quot;fadeIn&quot;,&quot;animation_delay&quot;:&quot;200&quot;}\">\r\n\t\t\r\n\t\t\t\t\t\t\t<div class=\"elementor-container elementor-column-gap-default\">\r\n\t\t\t\t\t\t\t\t\t\t\t<div class=\"elementor-column elementor-col-50 elementor-top-column elementor-element elementor-element-158aee7 w-100\" data-id=\"158aee7\" data-element_type=\"column\" data-e-type=\"column\">\r\n\t\t\t\t\t<div class=\"elementor-widget-wrap elementor-element-populated\">\r\n\t\t\t\t\t\t\t\t<div class=\"elementor-element elementor-element-d7b80d4 m-t-sm mb-2 elementor-invisible elementor-widget elementor-widget-heading\" data-id=\"d7b80d4\" data-element_type=\"widget\" data-e-type=\"widget\" data-settings=\"{&quot;_animation&quot;:&quot;slideInUp&quot;}\" data-widget_type=\"heading.default\">\n\t\t\t\t<div class=\"elementor-widget-container\">\n\t\t\t\t\t<h3 class=\"elementor-heading-title elementor-size-default\">Un lien sp\u00e9cial avec la <strong class=\"font-weight-extra-bold\">communaut\u00e9 de Lugano<\/strong><\/h3>\t\t\t\t<\/div>\n\t\t\t\t<\/div>\n\t\t\t\t\t<\/div>\r\n\t\t\t\t<\/div>\r\n\t\t\t\t<div class=\"elementor-column elementor-col-50 elementor-top-column elementor-element elementor-element-3250de4 w-100\" data-id=\"3250de4\" data-element_type=\"column\" data-e-type=\"column\">\r\n\t\t\t\t\t<div class=\"elementor-widget-wrap elementor-element-populated\">\r\n\t\t\t\t\t\t\t\t<div class=\"elementor-element elementor-element-7b50e69 elementor-widget__width-initial elementor-widget-tablet__width-inherit elementor-widget elementor-widget-heading\" data-id=\"7b50e69\" data-element_type=\"widget\" data-e-type=\"widget\" data-widget_type=\"heading.default\">\n\t\t\t\t<div class=\"elementor-widget-container\">\n\t\t\t\t\t<p class=\"elementor-heading-title elementor-size-default\">R\u00e9ductions et avantages exclusifs pour les \u00e9tudiants et leurs familles<\/p>\t\t\t\t<\/div>\n\t\t\t\t<\/div>\n\t\t\t\t\t<\/div>\r\n\t\t\t\t<\/div>\r\n\t\t\t\t\t<\/div>\r\n\t\t\t\t<\/section>\r\n\t\t\t\t<section class=\"porto-full-no-gap elementor-section elementor-top-section elementor-element elementor-element-201c658 elementor-section-full_width elementor-section-content-middle elementor-section-height-default elementor-section-height-default\" data-id=\"201c658\" data-element_type=\"section\" data-e-type=\"section\" data-settings=\"{&quot;background_background&quot;:&quot;classic&quot;}\">\r\n\t\t\r\n\t\t\t\t\t\t\t<div class=\"elementor-container elementor-column-gap-no\">\r\n\t\t\t\t\t\t\t\t\t\t\t<div class=\"elementor-column elementor-col-50 elementor-top-column elementor-element elementor-element-1dca54f\" data-id=\"1dca54f\" data-element_type=\"column\" data-e-type=\"column\" data-settings=\"{&quot;background_background&quot;:&quot;classic&quot;}\">\r\n\t\t\t\t\t<div class=\"elementor-widget-wrap elementor-element-populated\">\r\n\t\t\t\t\t\t\t\t<div class=\"elementor-element elementor-element-fb0fdb8 elementor-widget__width-auto elementor-absolute e-transform elementor-widget elementor-widget-image\" data-id=\"fb0fdb8\" data-element_type=\"widget\" data-e-type=\"widget\" data-settings=\"{&quot;_position&quot;:&quot;absolute&quot;,&quot;_transform_rotateZ_effect&quot;:{&quot;unit&quot;:&quot;px&quot;,&quot;size&quot;:270,&quot;sizes&quot;:[]},&quot;_transform_rotateZ_effect_tablet&quot;:{&quot;unit&quot;:&quot;deg&quot;,&quot;size&quot;:&quot;&quot;,&quot;sizes&quot;:[]},&quot;_transform_rotateZ_effect_mobile&quot;:{&quot;unit&quot;:&quot;deg&quot;,&quot;size&quot;:&quot;&quot;,&quot;sizes&quot;:[]}}\" data-widget_type=\"image.default\">\n\t\t\t\t<div class=\"elementor-widget-container\">\n\t\t\t\t\t\t\t\t\t\t\t\t\t\t\t<img decoding=\"async\" width=\"123\" height=\"126\" src=\"https:\/\/uniludes.ch\/wp-content\/uploads\/2023\/03\/beauty_home_slide1_dots.png\" class=\"attachment-large size-large wp-image-4484\" alt=\"\" \/>\t\t\t\t\t\t\t\t\t\t\t\t\t\t\t<\/div>\n\t\t\t\t<\/div>\n\t\t\t\t\t<\/div>\r\n\t\t\t\t<\/div>\r\n\t\t\t\t<div class=\"elementor-column elementor-col-50 elementor-top-column elementor-element elementor-element-24f6e78 py-5 pl-lg-4 pl-xl-5\" data-id=\"24f6e78\" data-element_type=\"column\" data-e-type=\"column\" data-settings=\"{&quot;background_background&quot;:&quot;classic&quot;}\">\r\n\t\t\t\t\t<div class=\"col-half-section col-fullwidth-md elementor-widget-wrap elementor-element-populated\">\r\n\t\t\t\t\t\t\t\t<div class=\"elementor-element elementor-element-4be4645 elementor-widget__width-initial elementor-widget-mobile__width-initial elementor-invisible elementor-widget elementor-widget-text-editor\" data-id=\"4be4645\" data-element_type=\"widget\" data-e-type=\"widget\" data-settings=\"{&quot;_animation&quot;:&quot;fadeInUp&quot;}\" data-widget_type=\"text-editor.default\">\n\t\t\t\t<div class=\"elementor-widget-container\">\n\t\t\t\t\t\t\t\t\t<p>Depuis 1999, le Campus participe activement \u00e0 la promotion de la r\u00e9gion de Lugano et du Canton du Tessin. <\/p>\n<p>Certaines activit\u00e9s de la ville r\u00e9servent des r\u00e9ductions exclusives \u00e0 nos \u00e9tudiants et aux membres de leur famille.<\/p>\n<p>Pour b\u00e9n\u00e9ficier de ces avantages, il suffit d&rsquo;indiquer que vous \u00eates un \u00e9tudiant Ludes (ou un membre de la famille d&rsquo;un \u00e9tudiant Ludes) au moment de la r\u00e9servation. Au moment de r\u00e9cup\u00e9rer le produit ou le service achet\u00e9, il vous suffit de pr\u00e9senter votre carte Ludes pour activer la r\u00e9duction.<\/p>\n<p>Ces r\u00e9ductions sp\u00e9ciales sont une marque de reconnaissance envers la communaut\u00e9 du Campus et nous permettent de renforcer le lien entre le Campus et la ville de Lugano. <\/p>\n<p>En outre, ces avantages rendent l&rsquo;exp\u00e9rience du Campus encore plus compl\u00e8te et vous permettent d&rsquo;explorer pleinement tout ce que peut offrir Lugano.<\/p>\n<div> <\/div>\n\t\t\t\t\t\t\t\t<\/div>\n\t\t\t\t<\/div>\n\t\t\t\t\t<\/div>\r\n\t\t\t\t<\/div>\r\n\t\t\t\t\t<\/div>\r\n\t\t\t\t<\/section>\r\n\t\t<div class=\"elementor-element elementor-element-43ad94e e-con-full e-flex e-con e-parent\" data-id=\"43ad94e\" data-element_type=\"container\" data-e-type=\"container\">\r\n\t\t\t\t<div class=\"elementor-element elementor-element-267bb4e elementor-arrows-position-inside elementor-widget elementor-widget-image-carousel\" data-id=\"267bb4e\" data-element_type=\"widget\" data-e-type=\"widget\" data-settings=\"{&quot;slides_to_show&quot;:&quot;6&quot;,&quot;navigation&quot;:&quot;arrows&quot;,&quot;lazyload&quot;:&quot;yes&quot;,&quot;autoplay_speed&quot;:3000,&quot;autoplay&quot;:&quot;yes&quot;,&quot;pause_on_hover&quot;:&quot;yes&quot;,&quot;pause_on_interaction&quot;:&quot;yes&quot;,&quot;infinite&quot;:&quot;yes&quot;,&quot;speed&quot;:500}\" data-widget_type=\"image-carousel.default\">\n\t\t\t\t<div class=\"elementor-widget-container\">\n\t\t\t\t\t\t\t<div class=\"elementor-image-carousel-wrapper swiper\" role=\"region\" aria-roledescription=\"carousel\" aria-label=\"Carosello d&#039;immagini\" dir=\"ltr\">\n\t\t\t<div class=\"elementor-image-carousel swiper-wrapper\" aria-live=\"off\">\n\t\t\t\t\t\t\t\t<div class=\"swiper-slide\" role=\"group\" aria-roledescription=\"slide\" aria-label=\"1 sur 14\"><figure class=\"swiper-slide-inner\"><img class=\"swiper-slide-image swiper-lazy\" data-src=\"https:\/\/uniludes.ch\/wp-content\/uploads\/2023\/06\/11-150x150.png\" alt=\"HOTEL CITY - 10%\" \/><div class=\"swiper-lazy-preloader\"><\/div><figcaption class=\"elementor-image-carousel-caption\">HOTEL CITY - 10%<\/figcaption><\/figure><\/div><div class=\"swiper-slide\" role=\"group\" aria-roledescription=\"slide\" aria-label=\"2 sur 14\"><figure class=\"swiper-slide-inner\"><img class=\"swiper-slide-image swiper-lazy\" data-src=\"https:\/\/uniludes.ch\/wp-content\/uploads\/2023\/06\/3-150x150.png\" alt=\"STAGE12 - 15%\" \/><div class=\"swiper-lazy-preloader\"><\/div><figcaption class=\"elementor-image-carousel-caption\">STAGE12 - 15%<\/figcaption><\/figure><\/div><div class=\"swiper-slide\" role=\"group\" aria-roledescription=\"slide\" aria-label=\"3 sur 14\"><figure class=\"swiper-slide-inner\"><img class=\"swiper-slide-image swiper-lazy\" data-src=\"https:\/\/uniludes.ch\/wp-content\/uploads\/2023\/06\/2-150x150.png\" alt=\"CINEMA IRIDE - 15%\" \/><div class=\"swiper-lazy-preloader\"><\/div><figcaption class=\"elementor-image-carousel-caption\">CINEMA IRIDE - 15%<\/figcaption><\/figure><\/div><div class=\"swiper-slide\" role=\"group\" aria-roledescription=\"slide\" aria-label=\"4 sur 14\"><figure class=\"swiper-slide-inner\"><img class=\"swiper-slide-image swiper-lazy\" data-src=\"https:\/\/uniludes.ch\/wp-content\/uploads\/2023\/06\/1-150x150.png\" alt=\"CINEMA LUX - 15%\" \/><div class=\"swiper-lazy-preloader\"><\/div><figcaption class=\"elementor-image-carousel-caption\">CINEMA LUX - 15%<\/figcaption><\/figure><\/div><div class=\"swiper-slide\" role=\"group\" aria-roledescription=\"slide\" aria-label=\"5 sur 14\"><figure class=\"swiper-slide-inner\"><img class=\"swiper-slide-image swiper-lazy\" data-src=\"https:\/\/uniludes.ch\/wp-content\/uploads\/2023\/06\/12-150x150.png\" alt=\"GANDOLA - 15%\" \/><div class=\"swiper-lazy-preloader\"><\/div><figcaption class=\"elementor-image-carousel-caption\">GANDOLA - 15%<\/figcaption><\/figure><\/div><div class=\"swiper-slide\" role=\"group\" aria-roledescription=\"slide\" aria-label=\"6 sur 14\"><figure class=\"swiper-slide-inner\"><img class=\"swiper-slide-image swiper-lazy\" data-src=\"https:\/\/uniludes.ch\/wp-content\/uploads\/2023\/06\/8-150x150.png\" alt=\"COLOR HOUSE - 15%\" \/><div class=\"swiper-lazy-preloader\"><\/div><figcaption class=\"elementor-image-carousel-caption\">COLOR HOUSE - 15%<\/figcaption><\/figure><\/div><div class=\"swiper-slide\" role=\"group\" aria-roledescription=\"slide\" aria-label=\"7 sur 14\"><figure class=\"swiper-slide-inner\"><img class=\"swiper-slide-image swiper-lazy\" data-src=\"https:\/\/uniludes.ch\/wp-content\/uploads\/2023\/06\/10-150x150.png\" alt=\"NUOVA IMMAGINE - 15%\" \/><div class=\"swiper-lazy-preloader\"><\/div><figcaption class=\"elementor-image-carousel-caption\">NUOVA IMMAGINE - 15%<\/figcaption><\/figure><\/div><div class=\"swiper-slide\" role=\"group\" aria-roledescription=\"slide\" aria-label=\"8 sur 14\"><figure class=\"swiper-slide-inner\"><img class=\"swiper-slide-image swiper-lazy\" data-src=\"https:\/\/uniludes.ch\/wp-content\/uploads\/2023\/06\/7-150x150.png\" alt=\"FARMACIA CONTRADA DEI PATRIZI - 15%\" \/><div class=\"swiper-lazy-preloader\"><\/div><figcaption class=\"elementor-image-carousel-caption\">FARMACIA CONTRADA DEI PATRIZI - 15%<\/figcaption><\/figure><\/div><div class=\"swiper-slide\" role=\"group\" aria-roledescription=\"slide\" aria-label=\"9 sur 14\"><figure class=\"swiper-slide-inner\"><img class=\"swiper-slide-image swiper-lazy\" data-src=\"https:\/\/uniludes.ch\/wp-content\/uploads\/2023\/06\/9-150x150.png\" alt=\"ROOKIE&amp;PICCHIO - 15%\" \/><div class=\"swiper-lazy-preloader\"><\/div><figcaption class=\"elementor-image-carousel-caption\">ROOKIE&amp;PICCHIO - 15%<\/figcaption><\/figure><\/div><div class=\"swiper-slide\" role=\"group\" aria-roledescription=\"slide\" aria-label=\"10 sur 14\"><figure class=\"swiper-slide-inner\"><img class=\"swiper-slide-image swiper-lazy\" data-src=\"https:\/\/uniludes.ch\/wp-content\/uploads\/2023\/06\/6-150x150.png\" alt=\"NATURAL FOOD - 15%\" \/><div class=\"swiper-lazy-preloader\"><\/div><figcaption class=\"elementor-image-carousel-caption\">NATURAL FOOD - 15%<\/figcaption><\/figure><\/div><div class=\"swiper-slide\" role=\"group\" aria-roledescription=\"slide\" aria-label=\"11 sur 14\"><figure class=\"swiper-slide-inner\"><img class=\"swiper-slide-image swiper-lazy\" data-src=\"https:\/\/uniludes.ch\/wp-content\/uploads\/2023\/06\/5-150x150.png\" alt=\"TASTA - 15%\" \/><div class=\"swiper-lazy-preloader\"><\/div><figcaption class=\"elementor-image-carousel-caption\">TASTA - 15%<\/figcaption><\/figure><\/div><div class=\"swiper-slide\" role=\"group\" aria-roledescription=\"slide\" aria-label=\"12 sur 14\"><figure class=\"swiper-slide-inner\"><img class=\"swiper-slide-image swiper-lazy\" data-src=\"https:\/\/uniludes.ch\/wp-content\/uploads\/2023\/06\/4-150x150.png\" alt=\"SEVEN LOUNGE - 10%\" \/><div class=\"swiper-lazy-preloader\"><\/div><figcaption class=\"elementor-image-carousel-caption\">SEVEN LOUNGE - 10%<\/figcaption><\/figure><\/div><div class=\"swiper-slide\" role=\"group\" aria-roledescription=\"slide\" aria-label=\"13 sur 14\"><figure class=\"swiper-slide-inner\"><img class=\"swiper-slide-image swiper-lazy\" data-src=\"https:\/\/uniludes.ch\/wp-content\/uploads\/2023\/06\/4-1-150x150.png\" alt=\"SEVEN RESTAURANT- 10%\" \/><div class=\"swiper-lazy-preloader\"><\/div><figcaption class=\"elementor-image-carousel-caption\">SEVEN RESTAURANT- 10%<\/figcaption><\/figure><\/div><div class=\"swiper-slide\" role=\"group\" aria-roledescription=\"slide\" aria-label=\"14 sur 14\"><figure class=\"swiper-slide-inner\"><img class=\"swiper-slide-image swiper-lazy\" data-src=\"https:\/\/uniludes.ch\/wp-content\/uploads\/2025\/06\/image001-150x150.png\" alt=\"corsi di lingua -50%\" \/><div class=\"swiper-lazy-preloader\"><\/div><figcaption class=\"elementor-image-carousel-caption\">corsi di lingua -50%<\/figcaption><\/figure><\/div>\t\t\t<\/div>\n\t\t\t\t\t\t\t\t\t\t\t\t<div class=\"elementor-swiper-button elementor-swiper-button-prev\" role=\"button\" tabindex=\"0\">\n\t\t\t\t\t\t<svg aria-hidden=\"true\" class=\"e-font-icon-svg e-eicon-chevron-left\" viewBox=\"0 0 1000 1000\" xmlns=\"http:\/\/www.w3.org\/2000\/svg\"><path d=\"M646 125C629 125 613 133 604 142L308 442C296 454 292 471 292 487 292 504 296 521 308 533L604 854C617 867 629 875 646 875 663 875 679 871 692 858 704 846 713 829 713 812 713 796 708 779 692 767L438 487 692 225C700 217 708 204 708 187 708 171 704 154 692 142 675 129 663 125 646 125Z\"><\/path><\/svg>\t\t\t\t\t<\/div>\n\t\t\t\t\t<div class=\"elementor-swiper-button elementor-swiper-button-next\" role=\"button\" tabindex=\"0\">\n\t\t\t\t\t\t<svg aria-hidden=\"true\" class=\"e-font-icon-svg e-eicon-chevron-right\" viewBox=\"0 0 1000 1000\" xmlns=\"http:\/\/www.w3.org\/2000\/svg\"><path d=\"M696 533C708 521 713 504 713 487 713 471 708 454 696 446L400 146C388 133 375 125 354 125 338 125 325 129 313 142 300 154 292 171 292 187 292 204 296 221 308 233L563 492 304 771C292 783 288 800 288 817 288 833 296 850 308 863 321 871 338 875 354 875 371 875 388 867 400 854L696 533Z\"><\/path><\/svg>\t\t\t\t\t<\/div>\n\t\t\t\t\n\t\t\t\t\t\t\t\t\t<\/div>\n\t\t\t\t\t\t<\/div>\n\t\t\t\t<\/div>\n\t\t\t\t<\/div>\n\t\t\t\t<\/div>\n\t\t","protected":false},"excerpt":{"rendered":"<p>Un lien sp\u00e9cial avec la communaut\u00e9 de Lugano R\u00e9ductions et avantages exclusifs pour les \u00e9tudiants et leurs familles Depuis 1999, le Campus participe activement \u00e0 la promotion de la r\u00e9gion de Lugano et du Canton du Tessin. Certaines activit\u00e9s de la ville r\u00e9servent des r\u00e9ductions exclusives \u00e0 nos \u00e9tudiants et aux membres de leur famille. [&hellip;]<\/p>\n","protected":false},"author":4,"featured_media":0,"parent":0,"menu_order":0,"comment_status":"closed","ping_status":"closed","template":"","meta":{"_acf_changed":false,"footnotes":""},"class_list":["post-4883","page","type-page","status-publish","hentry"],"acf":[],"yoast_head":"<!-- This site is optimized with the Yoast SEO plugin v27.3 - https:\/\/yoast.com\/product\/yoast-seo-wordpress\/ -->\n<title>Reduction au Campus Ludes : Campus L.U.De.S. Amis du Campus &#187;<\/title>\n<meta name=\"description\" content=\"Ludes Discounts : remises et concessions pour les \u00e9tudiants du Campus Ludes dans les magasins et activit\u00e9s de Lugano et des environs.\" \/>\n<meta name=\"robots\" content=\"index, follow, max-snippet:-1, max-image-preview:large, max-video-preview:-1\" \/>\n<link rel=\"canonical\" href=\"https:\/\/uniludes.ch\/fr\/les-amis-du-campus\/\" \/>\n<meta property=\"og:locale\" content=\"fr_FR\" \/>\n<meta property=\"og:type\" content=\"article\" \/>\n<meta property=\"og:title\" content=\"Reduction au Campus Ludes : Campus L.U.De.S. Amis du Campus &#187;\" \/>\n<meta property=\"og:description\" content=\"Ludes Discounts : remises et concessions pour les \u00e9tudiants du Campus Ludes dans les magasins et activit\u00e9s de Lugano et des environs.\" \/>\n<meta property=\"og:url\" content=\"https:\/\/uniludes.ch\/fr\/les-amis-du-campus\/\" \/>\n<meta property=\"og:site_name\" content=\"Campus L.U.De.S.\" \/>\n<meta property=\"article:publisher\" content=\"https:\/\/www.facebook.com\/LudesLuganoCampus\/\" \/>\n<meta property=\"article:modified_time\" content=\"2025-06-05T11:29:30+00:00\" \/>\n<meta property=\"og:image\" content=\"https:\/\/uniludes.ch\/wp-content\/uploads\/2023\/03\/beauty_home_slide1_dots.png\" \/>\n<meta name=\"twitter:card\" content=\"summary_large_image\" \/>\n<meta name=\"twitter:label1\" content=\"Dur\u00e9e de lecture estim\u00e9e\" \/>\n\t<meta name=\"twitter:data1\" content=\"7 minutes\" \/>\n<script type=\"application\/ld+json\" class=\"yoast-schema-graph\">{\"@context\":\"https:\\\/\\\/schema.org\",\"@graph\":[{\"@type\":\"WebPage\",\"@id\":\"https:\\\/\\\/uniludes.ch\\\/fr\\\/les-amis-du-campus\\\/\",\"url\":\"https:\\\/\\\/uniludes.ch\\\/fr\\\/les-amis-du-campus\\\/\",\"name\":\"Reduction au Campus Ludes : Campus L.U.De.S. Amis du Campus &#187;\",\"isPartOf\":{\"@id\":\"https:\\\/\\\/uniludes.ch\\\/fr\\\/#website\"},\"primaryImageOfPage\":{\"@id\":\"https:\\\/\\\/uniludes.ch\\\/fr\\\/les-amis-du-campus\\\/#primaryimage\"},\"image\":{\"@id\":\"https:\\\/\\\/uniludes.ch\\\/fr\\\/les-amis-du-campus\\\/#primaryimage\"},\"thumbnailUrl\":\"https:\\\/\\\/uniludes.ch\\\/wp-content\\\/uploads\\\/2023\\\/03\\\/beauty_home_slide1_dots.png\",\"datePublished\":\"2023-04-26T14:47:02+00:00\",\"dateModified\":\"2025-06-05T11:29:30+00:00\",\"description\":\"Ludes Discounts : remises et concessions pour les \u00e9tudiants du Campus Ludes dans les magasins et activit\u00e9s de Lugano et des environs.\",\"breadcrumb\":{\"@id\":\"https:\\\/\\\/uniludes.ch\\\/fr\\\/les-amis-du-campus\\\/#breadcrumb\"},\"inLanguage\":\"fr-FR\",\"potentialAction\":[{\"@type\":\"ReadAction\",\"target\":[\"https:\\\/\\\/uniludes.ch\\\/fr\\\/les-amis-du-campus\\\/\"]}]},{\"@type\":\"ImageObject\",\"inLanguage\":\"fr-FR\",\"@id\":\"https:\\\/\\\/uniludes.ch\\\/fr\\\/les-amis-du-campus\\\/#primaryimage\",\"url\":\"https:\\\/\\\/uniludes.ch\\\/wp-content\\\/uploads\\\/2023\\\/03\\\/beauty_home_slide1_dots.png\",\"contentUrl\":\"https:\\\/\\\/uniludes.ch\\\/wp-content\\\/uploads\\\/2023\\\/03\\\/beauty_home_slide1_dots.png\"},{\"@type\":\"BreadcrumbList\",\"@id\":\"https:\\\/\\\/uniludes.ch\\\/fr\\\/les-amis-du-campus\\\/#breadcrumb\",\"itemListElement\":[{\"@type\":\"ListItem\",\"position\":1,\"name\":\"Home\",\"item\":\"https:\\\/\\\/uniludes.ch\\\/fr\\\/\"},{\"@type\":\"ListItem\",\"position\":2,\"name\":\"Les amis du Campus\"}]},{\"@type\":\"WebSite\",\"@id\":\"https:\\\/\\\/uniludes.ch\\\/fr\\\/#website\",\"url\":\"https:\\\/\\\/uniludes.ch\\\/fr\\\/\",\"name\":\"Campus L.U.De.S.\",\"description\":\"Istituto Universitario Professionale *\",\"publisher\":{\"@id\":\"https:\\\/\\\/uniludes.ch\\\/fr\\\/#organization\"},\"potentialAction\":[{\"@type\":\"SearchAction\",\"target\":{\"@type\":\"EntryPoint\",\"urlTemplate\":\"https:\\\/\\\/uniludes.ch\\\/fr\\\/?s={search_term_string}\"},\"query-input\":{\"@type\":\"PropertyValueSpecification\",\"valueRequired\":true,\"valueName\":\"search_term_string\"}}],\"inLanguage\":\"fr-FR\"},{\"@type\":\"Organization\",\"@id\":\"https:\\\/\\\/uniludes.ch\\\/fr\\\/#organization\",\"name\":\"Campus L.U.De.S.\",\"url\":\"https:\\\/\\\/uniludes.ch\\\/fr\\\/\",\"logo\":{\"@type\":\"ImageObject\",\"inLanguage\":\"fr-FR\",\"@id\":\"https:\\\/\\\/uniludes.ch\\\/fr\\\/#\\\/schema\\\/logo\\\/image\\\/\",\"url\":\"https:\\\/\\\/uniludes.ch\\\/wp-content\\\/uploads\\\/2023\\\/03\\\/LOGO-PER-SITO-350X100.png\",\"contentUrl\":\"https:\\\/\\\/uniludes.ch\\\/wp-content\\\/uploads\\\/2023\\\/03\\\/LOGO-PER-SITO-350X100.png\",\"width\":350,\"height\":100,\"caption\":\"Campus L.U.De.S.\"},\"image\":{\"@id\":\"https:\\\/\\\/uniludes.ch\\\/fr\\\/#\\\/schema\\\/logo\\\/image\\\/\"},\"sameAs\":[\"https:\\\/\\\/www.facebook.com\\\/LudesLuganoCampus\\\/\",\"https:\\\/\\\/www.linkedin.com\\\/company\\\/l-u-de-s-university\\\/about\\\/\",\"https:\\\/\\\/www.instagram.com\\\/ludes_lugano_campus\\\/\"]}]}<\/script>\n<!-- \/ Yoast SEO plugin. -->","yoast_head_json":{"title":"Reduction au Campus Ludes : Campus L.U.De.S. Amis du Campus &#187;","description":"Ludes Discounts : remises et concessions pour les \u00e9tudiants du Campus Ludes dans les magasins et activit\u00e9s de Lugano et des environs.","robots":{"index":"index","follow":"follow","max-snippet":"max-snippet:-1","max-image-preview":"max-image-preview:large","max-video-preview":"max-video-preview:-1"},"canonical":"https:\/\/uniludes.ch\/fr\/les-amis-du-campus\/","og_locale":"fr_FR","og_type":"article","og_title":"Reduction au Campus Ludes : Campus L.U.De.S. Amis du Campus &#187;","og_description":"Ludes Discounts : remises et concessions pour les \u00e9tudiants du Campus Ludes dans les magasins et activit\u00e9s de Lugano et des environs.","og_url":"https:\/\/uniludes.ch\/fr\/les-amis-du-campus\/","og_site_name":"Campus L.U.De.S.","article_publisher":"https:\/\/www.facebook.com\/LudesLuganoCampus\/","article_modified_time":"2025-06-05T11:29:30+00:00","og_image":[{"url":"https:\/\/uniludes.ch\/wp-content\/uploads\/2023\/03\/beauty_home_slide1_dots.png","type":"","width":"","height":""}],"twitter_card":"summary_large_image","twitter_misc":{"Dur\u00e9e de lecture estim\u00e9e":"7 minutes"},"schema":{"@context":"https:\/\/schema.org","@graph":[{"@type":"WebPage","@id":"https:\/\/uniludes.ch\/fr\/les-amis-du-campus\/","url":"https:\/\/uniludes.ch\/fr\/les-amis-du-campus\/","name":"Reduction au Campus Ludes : Campus L.U.De.S. Amis du Campus &#187;","isPartOf":{"@id":"https:\/\/uniludes.ch\/fr\/#website"},"primaryImageOfPage":{"@id":"https:\/\/uniludes.ch\/fr\/les-amis-du-campus\/#primaryimage"},"image":{"@id":"https:\/\/uniludes.ch\/fr\/les-amis-du-campus\/#primaryimage"},"thumbnailUrl":"https:\/\/uniludes.ch\/wp-content\/uploads\/2023\/03\/beauty_home_slide1_dots.png","datePublished":"2023-04-26T14:47:02+00:00","dateModified":"2025-06-05T11:29:30+00:00","description":"Ludes Discounts : remises et concessions pour les \u00e9tudiants du Campus Ludes dans les magasins et activit\u00e9s de Lugano et des environs.","breadcrumb":{"@id":"https:\/\/uniludes.ch\/fr\/les-amis-du-campus\/#breadcrumb"},"inLanguage":"fr-FR","potentialAction":[{"@type":"ReadAction","target":["https:\/\/uniludes.ch\/fr\/les-amis-du-campus\/"]}]},{"@type":"ImageObject","inLanguage":"fr-FR","@id":"https:\/\/uniludes.ch\/fr\/les-amis-du-campus\/#primaryimage","url":"https:\/\/uniludes.ch\/wp-content\/uploads\/2023\/03\/beauty_home_slide1_dots.png","contentUrl":"https:\/\/uniludes.ch\/wp-content\/uploads\/2023\/03\/beauty_home_slide1_dots.png"},{"@type":"BreadcrumbList","@id":"https:\/\/uniludes.ch\/fr\/les-amis-du-campus\/#breadcrumb","itemListElement":[{"@type":"ListItem","position":1,"name":"Home","item":"https:\/\/uniludes.ch\/fr\/"},{"@type":"ListItem","position":2,"name":"Les amis du Campus"}]},{"@type":"WebSite","@id":"https:\/\/uniludes.ch\/fr\/#website","url":"https:\/\/uniludes.ch\/fr\/","name":"Campus L.U.De.S.","description":"Istituto Universitario Professionale *","publisher":{"@id":"https:\/\/uniludes.ch\/fr\/#organization"},"potentialAction":[{"@type":"SearchAction","target":{"@type":"EntryPoint","urlTemplate":"https:\/\/uniludes.ch\/fr\/?s={search_term_string}"},"query-input":{"@type":"PropertyValueSpecification","valueRequired":true,"valueName":"search_term_string"}}],"inLanguage":"fr-FR"},{"@type":"Organization","@id":"https:\/\/uniludes.ch\/fr\/#organization","name":"Campus L.U.De.S.","url":"https:\/\/uniludes.ch\/fr\/","logo":{"@type":"ImageObject","inLanguage":"fr-FR","@id":"https:\/\/uniludes.ch\/fr\/#\/schema\/logo\/image\/","url":"https:\/\/uniludes.ch\/wp-content\/uploads\/2023\/03\/LOGO-PER-SITO-350X100.png","contentUrl":"https:\/\/uniludes.ch\/wp-content\/uploads\/2023\/03\/LOGO-PER-SITO-350X100.png","width":350,"height":100,"caption":"Campus L.U.De.S."},"image":{"@id":"https:\/\/uniludes.ch\/fr\/#\/schema\/logo\/image\/"},"sameAs":["https:\/\/www.facebook.com\/LudesLuganoCampus\/","https:\/\/www.linkedin.com\/company\/l-u-de-s-university\/about\/","https:\/\/www.instagram.com\/ludes_lugano_campus\/"]}]}},"_links":{"self":[{"href":"https:\/\/uniludes.ch\/fr\/wp-json\/wp\/v2\/pages\/4883","targetHints":{"allow":["GET"]}}],"collection":[{"href":"https:\/\/uniludes.ch\/fr\/wp-json\/wp\/v2\/pages"}],"about":[{"href":"https:\/\/uniludes.ch\/fr\/wp-json\/wp\/v2\/types\/page"}],"author":[{"embeddable":true,"href":"https:\/\/uniludes.ch\/fr\/wp-json\/wp\/v2\/users\/4"}],"replies":[{"embeddable":true,"href":"https:\/\/uniludes.ch\/fr\/wp-json\/wp\/v2\/comments?post=4883"}],"version-history":[{"count":3,"href":"https:\/\/uniludes.ch\/fr\/wp-json\/wp\/v2\/pages\/4883\/revisions"}],"predecessor-version":[{"id":35393,"href":"https:\/\/uniludes.ch\/fr\/wp-json\/wp\/v2\/pages\/4883\/revisions\/35393"}],"wp:attachment":[{"href":"https:\/\/uniludes.ch\/fr\/wp-json\/wp\/v2\/media?parent=4883"}],"curies":[{"name":"wp","href":"https:\/\/api.w.org\/{rel}","templated":true}]}}