{"id":26326,"date":"2024-06-14T13:06:26","date_gmt":"2024-06-14T11:06:26","guid":{"rendered":"https:\/\/uniludes.ch\/travailler-avec-nous\/"},"modified":"2025-12-02T13:48:46","modified_gmt":"2025-12-02T12:48:46","slug":"postes_de_travaille","status":"publish","type":"page","link":"https:\/\/uniludes.ch\/fr\/postes_de_travaille\/","title":{"rendered":"Travailler avec nous"},"content":{"rendered":"\t\t<div data-elementor-type=\"wp-page\" data-elementor-id=\"26326\" class=\"elementor elementor-26326 elementor-22375\">\n\t\t\t\t<div class=\"elementor-element elementor-element-23e2ef7 e-grid e-con-boxed e-con e-parent\" data-id=\"23e2ef7\" data-element_type=\"container\" data-e-type=\"container\">\r\n\t\t\t\t\t<div class=\"e-con-inner\">\r\n\t\t\t\t<div class=\"elementor-element elementor-element-282c908 elementor-widget elementor-widget-text-editor\" data-id=\"282c908\" data-element_type=\"widget\" data-e-type=\"widget\" data-widget_type=\"text-editor.default\">\n\t\t\t\t<div class=\"elementor-widget-container\">\n\t\t\t\t\t\t\t\t\t<p>Bienvenue dans la section \u00ab Travaillez avec nous \u00bb du Campus Ludes, un Institut de formation d&rsquo;excellence, d\u00e9di\u00e9 \u00e0 la pr\u00e9paration de professionnels hautement qualifi\u00e9s et \u00e0 l&rsquo;internationalisation de l&rsquo;offre \u00e9ducative. Notre institution s&rsquo;engage dans la recherche constante de l&rsquo;innovation et dans l&rsquo;assurance d&rsquo;une formation de tr\u00e8s haut niveau. <\/p><p><strong>Faire partie de notre \u00e9quipe signifie apporter une contribution significative \u00e0 la r\u00e9alisation de notre mission \u00e9ducative et participer au d\u00e9veloppement d&rsquo;un environnement \u00e9ducatif tourn\u00e9 vers l&rsquo;avenir.<\/strong><\/p><p><em>Nous recherchons des professionnels qualifi\u00e9s et motiv\u00e9s,<\/em> dot\u00e9s d&rsquo;un sens aigu des responsabilit\u00e9s et pr\u00eats \u00e0 travailler dans un environnement qui valorise la croissance continue et l&rsquo;excellence.<\/p><p>Nous invitons ceux qui partagent nos valeurs et notre vision \u00e0 explorer les opportunit\u00e9s de carri\u00e8re disponibles et \u00e0 consid\u00e9rer la possibilit\u00e9 de rejoindre une institution qui place la qualit\u00e9 et le progr\u00e8s au centre de ses activit\u00e9s. Nous sommes pr\u00eats \u00e0 accueillir des candidats qui souhaitent contribuer au succ\u00e8s et au d\u00e9veloppement du Campus Ludes. <\/p><p><strong>e<\/strong><b>mail:<\/b> hr.services@uniludes.ch<\/p>\t\t\t\t\t\t\t\t<\/div>\n\t\t\t\t<\/div>\n\t\t\t\t<div class=\"elementor-element elementor-element-edf64d8 elementor-widget elementor-widget-image\" data-id=\"edf64d8\" data-element_type=\"widget\" data-e-type=\"widget\" data-widget_type=\"image.default\">\n\t\t\t\t<div class=\"elementor-widget-container\">\n\t\t\t\t\t\t\t\t\t\t\t\t\t\t\t<img fetchpriority=\"high\" decoding=\"async\" width=\"1024\" height=\"683\" src=\"https:\/\/uniludes.ch\/wp-content\/uploads\/2024\/08\/Immagine_39-1024x683.jpg\" class=\"attachment-large size-large wp-image-26229\" alt=\"\" srcset=\"https:\/\/uniludes.ch\/wp-content\/uploads\/2024\/08\/Immagine_39-1024x683.jpg 1024w, https:\/\/uniludes.ch\/wp-content\/uploads\/2024\/08\/Immagine_39-scaled-600x400.jpg 600w, https:\/\/uniludes.ch\/wp-content\/uploads\/2024\/08\/Immagine_39-768x512.jpg 768w, https:\/\/uniludes.ch\/wp-content\/uploads\/2024\/08\/Immagine_39-640x427.jpg 640w, https:\/\/uniludes.ch\/wp-content\/uploads\/2024\/08\/Immagine_39-400x267.jpg 400w\" sizes=\"(max-width: 1024px) 100vw, 1024px\" \/>\t\t\t\t\t\t\t\t\t\t\t\t\t\t\t<\/div>\n\t\t\t\t<\/div>\n\t\t\t\t\t<\/div>\n\t\t\t\t<\/div>\n\t\t<div class=\"elementor-element elementor-element-0ade704 e-flex e-con-boxed e-con e-parent\" data-id=\"0ade704\" data-element_type=\"container\" data-e-type=\"container\">\r\n\t\t\t\t\t<div class=\"e-con-inner\">\r\n\t\t\t\t<div class=\"elementor-element elementor-element-5e378b8 elementor-widget elementor-widget-spacer\" data-id=\"5e378b8\" data-element_type=\"widget\" data-e-type=\"widget\" data-widget_type=\"spacer.default\">\n\t\t\t\t<div class=\"elementor-widget-container\">\n\t\t\t\t\t\t\t<div class=\"elementor-spacer\">\n\t\t\t<div class=\"elementor-spacer-inner\"><\/div>\n\t\t<\/div>\n\t\t\t\t\t\t<\/div>\n\t\t\t\t<\/div>\n\t\t\t\t\t<\/div>\n\t\t\t\t<\/div>\n\t\t<div class=\"elementor-element elementor-element-2e96621a e-flex e-con-boxed e-con e-parent\" data-id=\"2e96621a\" data-element_type=\"container\" data-e-type=\"container\">\r\n\t\t\t\t\t<div class=\"e-con-inner\">\r\n\t\t\t\t<div class=\"elementor-element elementor-element-3bf0d257 elementor-widget elementor-widget-heading\" data-id=\"3bf0d257\" data-element_type=\"widget\" data-e-type=\"widget\" data-widget_type=\"heading.default\">\n\t\t\t\t<div class=\"elementor-widget-container\">\n\t\t\t\t\t<h2 class=\"elementor-heading-title elementor-size-default\">AVIS DE S\u00c9LECTION<\/h2>\t\t\t\t<\/div>\n\t\t\t\t<\/div>\n\t\t\t\t\t<\/div>\n\t\t\t\t<\/div>\n\t\t<div class=\"elementor-element elementor-element-1dde7a0 e-flex e-con-boxed e-con e-parent\" data-id=\"1dde7a0\" data-element_type=\"container\" data-e-type=\"container\">\r\n\t\t\t\t\t<div class=\"e-con-inner\">\r\n\t\t\t\t<div class=\"elementor-element elementor-element-6e583c2 elementor-widget elementor-widget-spacer\" data-id=\"6e583c2\" data-element_type=\"widget\" data-e-type=\"widget\" data-widget_type=\"spacer.default\">\n\t\t\t\t<div class=\"elementor-widget-container\">\n\t\t\t\t\t\t\t<div class=\"elementor-spacer\">\n\t\t\t<div class=\"elementor-spacer-inner\"><\/div>\n\t\t<\/div>\n\t\t\t\t\t\t<\/div>\n\t\t\t\t<\/div>\n\t\t\t\t\t<\/div>\n\t\t\t\t<\/div>\n\t\t<div class=\"elementor-element elementor-element-7645e5de e-flex e-con-boxed e-con e-parent\" data-id=\"7645e5de\" data-element_type=\"container\" data-e-type=\"container\">\r\n\t\t\t\t\t<div class=\"e-con-inner\">\r\n\t\t\t\t<div class=\"elementor-element elementor-element-2a58cf93 elementor-widget elementor-widget-n-accordion\" data-id=\"2a58cf93\" data-element_type=\"widget\" data-e-type=\"widget\" data-settings=\"{&quot;default_state&quot;:&quot;expanded&quot;,&quot;max_items_expended&quot;:&quot;one&quot;,&quot;n_accordion_animation_duration&quot;:{&quot;unit&quot;:&quot;ms&quot;,&quot;size&quot;:400,&quot;sizes&quot;:[]}}\" data-widget_type=\"nested-accordion.default\">\n\t\t\t\t<div class=\"elementor-widget-container\">\n\t\t\t\t\t\t\t<div class=\"e-n-accordion\" aria-label=\"Accordion. Open links with Enter or Space, close with Escape, and navigate with Arrow Keys\">\n\t\t\t\t\t\t<details id=\"e-n-accordion-item-7100\" class=\"e-n-accordion-item\" open>\n\t\t\t\t<summary class=\"e-n-accordion-item-title\" data-accordion-index=\"1\" tabindex=\"0\" aria-expanded=\"true\" aria-controls=\"e-n-accordion-item-7100\" >\n\t\t\t\t\t<span class='e-n-accordion-item-title-header'><div class=\"e-n-accordion-item-title-text\"> PHYSIOTH\u00c9RAPEUTES DIPL\u00d4M\u00c9S<br>pour des missions d\u2019enseignement et des activit\u00e9s de soutien \u00e0 l\u2019enseignement dans le cadre du Bachelor en Physioth\u00e9rapie, en langue fran\u00e7aise.<br>02.12.25 \u00e0 13h24  <\/div><\/span>\n\t\t\t\t\t\t\t<span class='e-n-accordion-item-title-icon'>\n\t\t\t<span class='e-opened' ><svg aria-hidden=\"true\" class=\"e-font-icon-svg e-fas-minus\" viewBox=\"0 0 448 512\" xmlns=\"http:\/\/www.w3.org\/2000\/svg\"><path d=\"M416 208H32c-17.67 0-32 14.33-32 32v32c0 17.67 14.33 32 32 32h384c17.67 0 32-14.33 32-32v-32c0-17.67-14.33-32-32-32z\"><\/path><\/svg><\/span>\n\t\t\t<span class='e-closed'><svg aria-hidden=\"true\" class=\"e-font-icon-svg e-fas-plus\" viewBox=\"0 0 448 512\" xmlns=\"http:\/\/www.w3.org\/2000\/svg\"><path d=\"M416 208H272V64c0-17.67-14.33-32-32-32h-32c-17.67 0-32 14.33-32 32v144H32c-17.67 0-32 14.33-32 32v32c0 17.67 14.33 32 32 32h144v144c0 17.67 14.33 32 32 32h32c17.67 0 32-14.33 32-32V304h144c17.67 0 32-14.33 32-32v-32c0-17.67-14.33-32-32-32z\"><\/path><\/svg><\/span>\n\t\t<\/span>\n\n\t\t\t\t\t\t<\/summary>\n\t\t\t\t<div role=\"region\" aria-labelledby=\"e-n-accordion-item-7100\" class=\"elementor-element elementor-element-1c24dbb6 e-con-full e-flex e-con e-child\" data-id=\"1c24dbb6\" data-element_type=\"container\" data-e-type=\"container\">\r\n\t\t<div role=\"region\" aria-labelledby=\"e-n-accordion-item-7100\" class=\"elementor-element elementor-element-646a8731 e-flex e-con-boxed e-con e-child\" data-id=\"646a8731\" data-element_type=\"container\" data-e-type=\"container\">\r\n\t\t\t\t\t<div class=\"e-con-inner\">\r\n\t\t\t\t<div class=\"elementor-element elementor-element-3423b26f elementor-widget elementor-widget-text-editor\" data-id=\"3423b26f\" data-element_type=\"widget\" data-e-type=\"widget\" data-widget_type=\"text-editor.default\">\n\t\t\t\t<div class=\"elementor-widget-container\">\n\t\t\t\t\t\t\t\t\t<div><span data-olk-copy-source=\"MessageBody\"><strong>L\u2019Institut Universitaire Ludes <\/strong>recrute des<strong> PHYSIOTH\u00c9RAPEUTES DIPL\u00d4M\u00c9S<\/strong> pour des missions d\u2019enseignement et des activit\u00e9s d\u2019assistance \u00e0 l\u2019enseignement dans le cadre du Bachelor en Physioth\u00e9rapie, en langue fran\u00e7aise.<\/span><\/div><div> <\/div><div><strong>Domaines d\u2019activit\u00e9 et d\u2019enseignement :<\/strong><\/div><div>Les professionnels s\u00e9lectionn\u00e9s seront impliqu\u00e9s dans les domaines de formation du Bachelor en Physioth\u00e9rapie, parmi lesquels :<\/div><ul><li>Domaines cliniques et professionnalisants de la physioth\u00e9rapie<\/li><li>M\u00e9thodologies et techniques d\u2019\u00e9valuation fonctionnelle<\/li><li>Interventions r\u00e9\u00e9ducatives et th\u00e9rapeutiques<\/li><li>Domaine musculosquelettique, neurologique, cardio-respiratoire et autres domaines connexes<\/li><li>Activit\u00e9s de laboratoire, exercices pratiques et tutorat des \u00e9tudiants<\/li><\/ul><div><strong>Profils recherch\u00e9s et exigences :<\/strong><\/div><div>Enseignants contractuels<\/div><ul><li>Master en Physioth\u00e9rapie ou titre \u00e9quivalent de niveau EQF 7<\/li><li>Excellente ma\u00eetrise de la langue fran\u00e7aise<\/li><li>Exp\u00e9rience professionnelle av\u00e9r\u00e9e dans les principaux domaines de la physioth\u00e9rapie<\/li><li>Exp\u00e9rience pr\u00e9alable en enseignement universitaire ou en activit\u00e9 de formation (atout pr\u00e9f\u00e9r\u00e9)<\/li><\/ul><div><strong>Assistenti all\u2019insegnamento:<\/strong><\/div><ul><li>Dipl\u00f4me en Physioth\u00e9rapie EQF 6<\/li><li>Excellente ma\u00eetrise de la langue fran\u00e7aise<\/li><li>Exp\u00e9rience professionnelle dans les principaux domaines de la physioth\u00e9rapie<\/li><li>Activit\u00e9 r\u00e9alis\u00e9e en soutien \u00e0 l\u2019enseignement, aux laboratoires et aux exercices pratiques<\/li><\/ul><div><strong>Type de mission :<\/strong><\/div><ul><li>Mandat semestriel renouvelable<\/li><li>Activit\u00e9 d\u2019enseignement ou de soutien p\u00e9dagogique ind\u00e9pendante et\/ou occasionnelle<\/li><\/ul><div><strong>Candidature:<\/strong><\/div><div>Les personnes int\u00e9ress\u00e9es sont invit\u00e9es \u00e0 envoyer leur candidature, comprenant :<\/div><ul><li>Curriculum vitae european<\/li><li>\u00c9ventuelles publications, supports p\u00e9dagogiques ou travaux professionnels pertinents<\/li><\/ul><div> <\/div>\t\t\t\t\t\t\t\t<\/div>\n\t\t\t\t<\/div>\n\t\t\t\t\t<\/div>\n\t\t\t\t<\/div>\n\t\t\t\t<\/div>\n\t\t\t\t\t<\/details>\n\t\t\t\t\t<\/div>\n\t\t\t\t\t\t<\/div>\n\t\t\t\t<\/div>\n\t\t\t\t\t<\/div>\n\t\t\t\t<\/div>\n\t\t<div class=\"elementor-element elementor-element-5ca2acd3 e-flex e-con-boxed e-con e-parent\" data-id=\"5ca2acd3\" data-element_type=\"container\" data-e-type=\"container\">\r\n\t\t\t\t\t<div class=\"e-con-inner\">\r\n\t\t\t\t<div class=\"elementor-element elementor-element-d08da0f elementor-widget elementor-widget-spacer\" data-id=\"d08da0f\" data-element_type=\"widget\" data-e-type=\"widget\" data-widget_type=\"spacer.default\">\n\t\t\t\t<div class=\"elementor-widget-container\">\n\t\t\t\t\t\t\t<div class=\"elementor-spacer\">\n\t\t\t<div class=\"elementor-spacer-inner\"><\/div>\n\t\t<\/div>\n\t\t\t\t\t\t<\/div>\n\t\t\t\t<\/div>\n\t\t\t\t\t<\/div>\n\t\t\t\t<\/div>\n\t\t<div class=\"elementor-element elementor-element-68078afd e-flex e-con-boxed e-con e-parent\" data-id=\"68078afd\" data-element_type=\"container\" data-e-type=\"container\">\r\n\t\t\t\t\t<div class=\"e-con-inner\">\r\n\t\t\t\t<div class=\"elementor-element elementor-element-7ef93fd2 elementor-widget elementor-widget-spacer\" data-id=\"7ef93fd2\" data-element_type=\"widget\" data-e-type=\"widget\" data-widget_type=\"spacer.default\">\n\t\t\t\t<div class=\"elementor-widget-container\">\n\t\t\t\t\t\t\t<div class=\"elementor-spacer\">\n\t\t\t<div class=\"elementor-spacer-inner\"><\/div>\n\t\t<\/div>\n\t\t\t\t\t\t<\/div>\n\t\t\t\t<\/div>\n\t\t\t\t\t<\/div>\n\t\t\t\t<\/div>\n\t\t<div class=\"elementor-element elementor-element-6790bc31 e-flex e-con-boxed e-con e-parent\" data-id=\"6790bc31\" data-element_type=\"container\" data-e-type=\"container\">\r\n\t\t\t\t\t<div class=\"e-con-inner\">\r\n\t\t\t\t<div class=\"elementor-element elementor-element-23359b2d elementor-align-center elementor-widget elementor-widget-button\" data-id=\"23359b2d\" data-element_type=\"widget\" data-e-type=\"widget\" data-widget_type=\"button.default\">\n\t\t\t\t<div class=\"elementor-widget-container\">\n\t\t\t\t\t\t\t\t\t<div class=\"elementor-button-wrapper\">\n\t\t\t\t\t<a class=\"elementor-button elementor-button-link elementor-size-sm\" href=\"https:\/\/adiuto.uniludes.ch:8443\/wguest\/composer#|candidature\">\n\t\t\t\t\t\t<span class=\"elementor-button-content-wrapper\">\n\t\t\t\t\t\t\t\t\t<span class=\"elementor-button-text\">POSEZ VOTRE CANDIDATURE ICI<\/span>\n\t\t\t\t\t<\/span>\n\t\t\t\t\t<\/a>\n\t\t\t\t<\/div>\n\t\t\t\t\t\t\t\t<\/div>\n\t\t\t\t<\/div>\n\t\t\t\t\t<\/div>\n\t\t\t\t<\/div>\n\t\t<div class=\"elementor-element elementor-element-a8310e4 e-flex e-con-boxed e-con e-parent\" data-id=\"a8310e4\" data-element_type=\"container\" data-e-type=\"container\">\r\n\t\t\t\t\t<div class=\"e-con-inner\">\r\n\t\t\t\t<div class=\"elementor-element elementor-element-154a126 elementor-widget elementor-widget-spacer\" data-id=\"154a126\" data-element_type=\"widget\" data-e-type=\"widget\" data-widget_type=\"spacer.default\">\n\t\t\t\t<div class=\"elementor-widget-container\">\n\t\t\t\t\t\t\t<div class=\"elementor-spacer\">\n\t\t\t<div class=\"elementor-spacer-inner\"><\/div>\n\t\t<\/div>\n\t\t\t\t\t\t<\/div>\n\t\t\t\t<\/div>\n\t\t\t\t\t<\/div>\n\t\t\t\t<\/div>\n\t\t\t\t<\/div>\n\t\t","protected":false},"excerpt":{"rendered":"<p>Bienvenue dans la section \u00ab Travaillez avec nous \u00bb du Campus Ludes, un Institut de formation d&rsquo;excellence, d\u00e9di\u00e9 \u00e0 la pr\u00e9paration de professionnels hautement qualifi\u00e9s et \u00e0 l&rsquo;internationalisation de l&rsquo;offre \u00e9ducative. Notre institution s&rsquo;engage dans la recherche constante de l&rsquo;innovation et dans l&rsquo;assurance d&rsquo;une formation de tr\u00e8s haut niveau. Faire partie de notre \u00e9quipe signifie [&hellip;]<\/p>\n","protected":false},"author":4,"featured_media":0,"parent":0,"menu_order":0,"comment_status":"closed","ping_status":"closed","template":"","meta":{"_acf_changed":false,"footnotes":""},"class_list":["post-26326","page","type-page","status-publish","hentry"],"acf":[],"yoast_head":"<!-- This site is optimized with the Yoast SEO plugin v27.3 - https:\/\/yoast.com\/product\/yoast-seo-wordpress\/ -->\n<title>Travailler avec nous &#187; Campus L.U.De.S.<\/title>\n<meta name=\"robots\" content=\"index, follow, max-snippet:-1, max-image-preview:large, max-video-preview:-1\" \/>\n<link rel=\"canonical\" href=\"https:\/\/uniludes.ch\/fr\/postes_de_travaille\/\" \/>\n<meta property=\"og:locale\" content=\"fr_FR\" \/>\n<meta property=\"og:type\" content=\"article\" \/>\n<meta property=\"og:title\" content=\"Travailler avec nous &#187; Campus L.U.De.S.\" \/>\n<meta property=\"og:description\" content=\"Bienvenue dans la section \u00ab Travaillez avec nous \u00bb du Campus Ludes, un Institut de formation d&rsquo;excellence, d\u00e9di\u00e9 \u00e0 la pr\u00e9paration de professionnels hautement qualifi\u00e9s et \u00e0 l&rsquo;internationalisation de l&rsquo;offre \u00e9ducative. Notre institution s&rsquo;engage dans la recherche constante de l&rsquo;innovation et dans l&rsquo;assurance d&rsquo;une formation de tr\u00e8s haut niveau. Faire partie de notre \u00e9quipe signifie [&hellip;]\" \/>\n<meta property=\"og:url\" content=\"https:\/\/uniludes.ch\/fr\/postes_de_travaille\/\" \/>\n<meta property=\"og:site_name\" content=\"Campus L.U.De.S.\" \/>\n<meta property=\"article:publisher\" content=\"https:\/\/www.facebook.com\/LudesLuganoCampus\/\" \/>\n<meta property=\"article:modified_time\" content=\"2025-12-02T12:48:46+00:00\" \/>\n<meta property=\"og:image\" content=\"https:\/\/uniludes.ch\/wp-content\/uploads\/2024\/08\/Immagine_39-1024x683.jpg\" \/>\n<meta name=\"twitter:card\" content=\"summary_large_image\" \/>\n<meta name=\"twitter:label1\" content=\"Dur\u00e9e de lecture estim\u00e9e\" \/>\n\t<meta name=\"twitter:data1\" content=\"2 minutes\" \/>\n<script type=\"application\/ld+json\" class=\"yoast-schema-graph\">{\"@context\":\"https:\\\/\\\/schema.org\",\"@graph\":[{\"@type\":\"WebPage\",\"@id\":\"https:\\\/\\\/uniludes.ch\\\/fr\\\/postes_de_travaille\\\/\",\"url\":\"https:\\\/\\\/uniludes.ch\\\/fr\\\/postes_de_travaille\\\/\",\"name\":\"Travailler avec nous &#187; Campus L.U.De.S.\",\"isPartOf\":{\"@id\":\"https:\\\/\\\/uniludes.ch\\\/fr\\\/#website\"},\"primaryImageOfPage\":{\"@id\":\"https:\\\/\\\/uniludes.ch\\\/fr\\\/postes_de_travaille\\\/#primaryimage\"},\"image\":{\"@id\":\"https:\\\/\\\/uniludes.ch\\\/fr\\\/postes_de_travaille\\\/#primaryimage\"},\"thumbnailUrl\":\"https:\\\/\\\/uniludes.ch\\\/wp-content\\\/uploads\\\/2024\\\/08\\\/Immagine_39-1024x683.jpg\",\"datePublished\":\"2024-06-14T11:06:26+00:00\",\"dateModified\":\"2025-12-02T12:48:46+00:00\",\"breadcrumb\":{\"@id\":\"https:\\\/\\\/uniludes.ch\\\/fr\\\/postes_de_travaille\\\/#breadcrumb\"},\"inLanguage\":\"fr-FR\",\"potentialAction\":[{\"@type\":\"ReadAction\",\"target\":[\"https:\\\/\\\/uniludes.ch\\\/fr\\\/postes_de_travaille\\\/\"]}]},{\"@type\":\"ImageObject\",\"inLanguage\":\"fr-FR\",\"@id\":\"https:\\\/\\\/uniludes.ch\\\/fr\\\/postes_de_travaille\\\/#primaryimage\",\"url\":\"https:\\\/\\\/uniludes.ch\\\/wp-content\\\/uploads\\\/2024\\\/08\\\/Immagine_39-1024x683.jpg\",\"contentUrl\":\"https:\\\/\\\/uniludes.ch\\\/wp-content\\\/uploads\\\/2024\\\/08\\\/Immagine_39-1024x683.jpg\"},{\"@type\":\"BreadcrumbList\",\"@id\":\"https:\\\/\\\/uniludes.ch\\\/fr\\\/postes_de_travaille\\\/#breadcrumb\",\"itemListElement\":[{\"@type\":\"ListItem\",\"position\":1,\"name\":\"Home\",\"item\":\"https:\\\/\\\/uniludes.ch\\\/fr\\\/\"},{\"@type\":\"ListItem\",\"position\":2,\"name\":\"Travailler avec nous\"}]},{\"@type\":\"WebSite\",\"@id\":\"https:\\\/\\\/uniludes.ch\\\/fr\\\/#website\",\"url\":\"https:\\\/\\\/uniludes.ch\\\/fr\\\/\",\"name\":\"Campus L.U.De.S.\",\"description\":\"Istituto Universitario Professionale *\",\"publisher\":{\"@id\":\"https:\\\/\\\/uniludes.ch\\\/fr\\\/#organization\"},\"potentialAction\":[{\"@type\":\"SearchAction\",\"target\":{\"@type\":\"EntryPoint\",\"urlTemplate\":\"https:\\\/\\\/uniludes.ch\\\/fr\\\/?s={search_term_string}\"},\"query-input\":{\"@type\":\"PropertyValueSpecification\",\"valueRequired\":true,\"valueName\":\"search_term_string\"}}],\"inLanguage\":\"fr-FR\"},{\"@type\":\"Organization\",\"@id\":\"https:\\\/\\\/uniludes.ch\\\/fr\\\/#organization\",\"name\":\"Campus L.U.De.S.\",\"url\":\"https:\\\/\\\/uniludes.ch\\\/fr\\\/\",\"logo\":{\"@type\":\"ImageObject\",\"inLanguage\":\"fr-FR\",\"@id\":\"https:\\\/\\\/uniludes.ch\\\/fr\\\/#\\\/schema\\\/logo\\\/image\\\/\",\"url\":\"https:\\\/\\\/uniludes.ch\\\/wp-content\\\/uploads\\\/2023\\\/03\\\/LOGO-PER-SITO-350X100.png\",\"contentUrl\":\"https:\\\/\\\/uniludes.ch\\\/wp-content\\\/uploads\\\/2023\\\/03\\\/LOGO-PER-SITO-350X100.png\",\"width\":350,\"height\":100,\"caption\":\"Campus L.U.De.S.\"},\"image\":{\"@id\":\"https:\\\/\\\/uniludes.ch\\\/fr\\\/#\\\/schema\\\/logo\\\/image\\\/\"},\"sameAs\":[\"https:\\\/\\\/www.facebook.com\\\/LudesLuganoCampus\\\/\",\"https:\\\/\\\/www.linkedin.com\\\/company\\\/l-u-de-s-university\\\/about\\\/\",\"https:\\\/\\\/www.instagram.com\\\/ludes_lugano_campus\\\/\"]}]}<\/script>\n<!-- \/ Yoast SEO plugin. -->","yoast_head_json":{"title":"Travailler avec nous &#187; Campus L.U.De.S.","robots":{"index":"index","follow":"follow","max-snippet":"max-snippet:-1","max-image-preview":"max-image-preview:large","max-video-preview":"max-video-preview:-1"},"canonical":"https:\/\/uniludes.ch\/fr\/postes_de_travaille\/","og_locale":"fr_FR","og_type":"article","og_title":"Travailler avec nous &#187; Campus L.U.De.S.","og_description":"Bienvenue dans la section \u00ab Travaillez avec nous \u00bb du Campus Ludes, un Institut de formation d&rsquo;excellence, d\u00e9di\u00e9 \u00e0 la pr\u00e9paration de professionnels hautement qualifi\u00e9s et \u00e0 l&rsquo;internationalisation de l&rsquo;offre \u00e9ducative. Notre institution s&rsquo;engage dans la recherche constante de l&rsquo;innovation et dans l&rsquo;assurance d&rsquo;une formation de tr\u00e8s haut niveau. Faire partie de notre \u00e9quipe signifie [&hellip;]","og_url":"https:\/\/uniludes.ch\/fr\/postes_de_travaille\/","og_site_name":"Campus L.U.De.S.","article_publisher":"https:\/\/www.facebook.com\/LudesLuganoCampus\/","article_modified_time":"2025-12-02T12:48:46+00:00","og_image":[{"url":"https:\/\/uniludes.ch\/wp-content\/uploads\/2024\/08\/Immagine_39-1024x683.jpg","type":"","width":"","height":""}],"twitter_card":"summary_large_image","twitter_misc":{"Dur\u00e9e de lecture estim\u00e9e":"2 minutes"},"schema":{"@context":"https:\/\/schema.org","@graph":[{"@type":"WebPage","@id":"https:\/\/uniludes.ch\/fr\/postes_de_travaille\/","url":"https:\/\/uniludes.ch\/fr\/postes_de_travaille\/","name":"Travailler avec nous &#187; Campus L.U.De.S.","isPartOf":{"@id":"https:\/\/uniludes.ch\/fr\/#website"},"primaryImageOfPage":{"@id":"https:\/\/uniludes.ch\/fr\/postes_de_travaille\/#primaryimage"},"image":{"@id":"https:\/\/uniludes.ch\/fr\/postes_de_travaille\/#primaryimage"},"thumbnailUrl":"https:\/\/uniludes.ch\/wp-content\/uploads\/2024\/08\/Immagine_39-1024x683.jpg","datePublished":"2024-06-14T11:06:26+00:00","dateModified":"2025-12-02T12:48:46+00:00","breadcrumb":{"@id":"https:\/\/uniludes.ch\/fr\/postes_de_travaille\/#breadcrumb"},"inLanguage":"fr-FR","potentialAction":[{"@type":"ReadAction","target":["https:\/\/uniludes.ch\/fr\/postes_de_travaille\/"]}]},{"@type":"ImageObject","inLanguage":"fr-FR","@id":"https:\/\/uniludes.ch\/fr\/postes_de_travaille\/#primaryimage","url":"https:\/\/uniludes.ch\/wp-content\/uploads\/2024\/08\/Immagine_39-1024x683.jpg","contentUrl":"https:\/\/uniludes.ch\/wp-content\/uploads\/2024\/08\/Immagine_39-1024x683.jpg"},{"@type":"BreadcrumbList","@id":"https:\/\/uniludes.ch\/fr\/postes_de_travaille\/#breadcrumb","itemListElement":[{"@type":"ListItem","position":1,"name":"Home","item":"https:\/\/uniludes.ch\/fr\/"},{"@type":"ListItem","position":2,"name":"Travailler avec nous"}]},{"@type":"WebSite","@id":"https:\/\/uniludes.ch\/fr\/#website","url":"https:\/\/uniludes.ch\/fr\/","name":"Campus L.U.De.S.","description":"Istituto Universitario Professionale *","publisher":{"@id":"https:\/\/uniludes.ch\/fr\/#organization"},"potentialAction":[{"@type":"SearchAction","target":{"@type":"EntryPoint","urlTemplate":"https:\/\/uniludes.ch\/fr\/?s={search_term_string}"},"query-input":{"@type":"PropertyValueSpecification","valueRequired":true,"valueName":"search_term_string"}}],"inLanguage":"fr-FR"},{"@type":"Organization","@id":"https:\/\/uniludes.ch\/fr\/#organization","name":"Campus L.U.De.S.","url":"https:\/\/uniludes.ch\/fr\/","logo":{"@type":"ImageObject","inLanguage":"fr-FR","@id":"https:\/\/uniludes.ch\/fr\/#\/schema\/logo\/image\/","url":"https:\/\/uniludes.ch\/wp-content\/uploads\/2023\/03\/LOGO-PER-SITO-350X100.png","contentUrl":"https:\/\/uniludes.ch\/wp-content\/uploads\/2023\/03\/LOGO-PER-SITO-350X100.png","width":350,"height":100,"caption":"Campus L.U.De.S."},"image":{"@id":"https:\/\/uniludes.ch\/fr\/#\/schema\/logo\/image\/"},"sameAs":["https:\/\/www.facebook.com\/LudesLuganoCampus\/","https:\/\/www.linkedin.com\/company\/l-u-de-s-university\/about\/","https:\/\/www.instagram.com\/ludes_lugano_campus\/"]}]}},"_links":{"self":[{"href":"https:\/\/uniludes.ch\/fr\/wp-json\/wp\/v2\/pages\/26326","targetHints":{"allow":["GET"]}}],"collection":[{"href":"https:\/\/uniludes.ch\/fr\/wp-json\/wp\/v2\/pages"}],"about":[{"href":"https:\/\/uniludes.ch\/fr\/wp-json\/wp\/v2\/types\/page"}],"author":[{"embeddable":true,"href":"https:\/\/uniludes.ch\/fr\/wp-json\/wp\/v2\/users\/4"}],"replies":[{"embeddable":true,"href":"https:\/\/uniludes.ch\/fr\/wp-json\/wp\/v2\/comments?post=26326"}],"version-history":[{"count":11,"href":"https:\/\/uniludes.ch\/fr\/wp-json\/wp\/v2\/pages\/26326\/revisions"}],"predecessor-version":[{"id":40295,"href":"https:\/\/uniludes.ch\/fr\/wp-json\/wp\/v2\/pages\/26326\/revisions\/40295"}],"wp:attachment":[{"href":"https:\/\/uniludes.ch\/fr\/wp-json\/wp\/v2\/media?parent=26326"}],"curies":[{"name":"wp","href":"https:\/\/api.w.org\/{rel}","templated":true}]}}