{"id":24937,"date":"2024-07-03T12:17:25","date_gmt":"2024-07-03T10:17:25","guid":{"rendered":"https:\/\/uniludes.ch\/rsi\/"},"modified":"2024-08-09T10:17:10","modified_gmt":"2024-08-09T08:17:10","slug":"rsi","status":"publish","type":"page","link":"https:\/\/uniludes.ch\/fr\/rsi\/","title":{"rendered":"RSE"},"content":{"rendered":"\t\t<div data-elementor-type=\"wp-page\" data-elementor-id=\"24937\" class=\"elementor elementor-24937 elementor-18855\">\n\t\t\t\t\t\t<section class=\"elementor-section elementor-top-section elementor-element elementor-element-ced44d2 flex-wrap elementor-section-boxed elementor-section-height-default elementor-section-height-default elementor-invisible\" data-id=\"ced44d2\" data-element_type=\"section\" data-e-type=\"section\" data-settings=\"{&quot;background_background&quot;:&quot;classic&quot;,&quot;animation&quot;:&quot;fadeIn&quot;,&quot;animation_delay&quot;:&quot;200&quot;}\">\r\n\t\t\r\n\t\t\t\t\t\t\t<div class=\"elementor-container elementor-column-gap-default\">\r\n\t\t\t\t\t\t\t\t\t\t\t<div class=\"elementor-column elementor-col-100 elementor-top-column elementor-element elementor-element-158aee7 w-100\" data-id=\"158aee7\" data-element_type=\"column\" data-e-type=\"column\">\r\n\t\t\t\t\t<div class=\"elementor-widget-wrap elementor-element-populated\">\r\n\t\t\t\t\t\t\t\t<div class=\"elementor-element elementor-element-67be27e m-t-sm mb-2 elementor-invisible elementor-widget elementor-widget-heading\" data-id=\"67be27e\" data-element_type=\"widget\" data-e-type=\"widget\" data-settings=\"{&quot;_animation&quot;:&quot;slideInUp&quot;}\" data-widget_type=\"heading.default\">\n\t\t\t\t<div class=\"elementor-widget-container\">\n\t\t\t\t\t<h3 class=\"elementor-heading-title elementor-size-default\"><strong class=\"font-weight-extra-bold\"> UN ENGAGEMENT CONCRET POUR L'AVENIR<\/strong><\/h3>\t\t\t\t<\/div>\n\t\t\t\t<\/div>\n\t\t\t\t\t<\/div>\r\n\t\t\t\t<\/div>\r\n\t\t\t\t\t<\/div>\r\n\t\t\t\t<\/section>\r\n\t\t\t\t<section class=\"porto-full-no-gap elementor-section elementor-top-section elementor-element elementor-element-201c658 elementor-section-full_width elementor-section-content-middle elementor-section-height-default elementor-section-height-default\" data-id=\"201c658\" data-element_type=\"section\" data-e-type=\"section\" data-settings=\"{&quot;background_background&quot;:&quot;classic&quot;}\">\r\n\t\t\r\n\t\t\t\t\t\t\t<div class=\"elementor-container elementor-column-gap-no\">\r\n\t\t\t\t\t\t\t\t\t\t\t<div class=\"elementor-column elementor-col-50 elementor-top-column elementor-element elementor-element-1dca54f\" data-id=\"1dca54f\" data-element_type=\"column\" data-e-type=\"column\" data-settings=\"{&quot;background_background&quot;:&quot;classic&quot;}\">\r\n\t\t\t\t\t<div class=\"elementor-widget-wrap elementor-element-populated\">\r\n\t\t\t\t\t\t\t\t<div class=\"elementor-element elementor-element-e7a7958 elementor-widget__width-auto elementor-absolute e-transform elementor-widget elementor-widget-image\" data-id=\"e7a7958\" data-element_type=\"widget\" data-e-type=\"widget\" data-settings=\"{&quot;_position&quot;:&quot;absolute&quot;,&quot;_transform_rotateZ_effect&quot;:{&quot;unit&quot;:&quot;px&quot;,&quot;size&quot;:270,&quot;sizes&quot;:[]},&quot;_transform_rotateZ_effect_tablet&quot;:{&quot;unit&quot;:&quot;deg&quot;,&quot;size&quot;:&quot;&quot;,&quot;sizes&quot;:[]},&quot;_transform_rotateZ_effect_mobile&quot;:{&quot;unit&quot;:&quot;deg&quot;,&quot;size&quot;:&quot;&quot;,&quot;sizes&quot;:[]}}\" data-widget_type=\"image.default\">\n\t\t\t\t<div class=\"elementor-widget-container\">\n\t\t\t\t\t\t\t\t\t\t\t\t\t\t\t<img decoding=\"async\" width=\"123\" height=\"126\" src=\"https:\/\/uniludes.ch\/wp-content\/uploads\/2023\/03\/beauty_home_slide1_dots.png\" class=\"attachment-large size-large wp-image-4484\" alt=\"\" \/>\t\t\t\t\t\t\t\t\t\t\t\t\t\t\t<\/div>\n\t\t\t\t<\/div>\n\t\t\t\t\t<\/div>\r\n\t\t\t\t<\/div>\r\n\t\t\t\t<div class=\"elementor-column elementor-col-50 elementor-top-column elementor-element elementor-element-24f6e78 py-5 pl-lg-4 pl-xl-5\" data-id=\"24f6e78\" data-element_type=\"column\" data-e-type=\"column\" data-settings=\"{&quot;background_background&quot;:&quot;classic&quot;}\">\r\n\t\t\t\t\t<div class=\"col-half-section col-fullwidth-md elementor-widget-wrap elementor-element-populated\">\r\n\t\t\t\t\t\t\t\t<div class=\"elementor-element elementor-element-4be4645 elementor-widget__width-initial elementor-widget-mobile__width-initial elementor-invisible elementor-widget elementor-widget-text-editor\" data-id=\"4be4645\" data-element_type=\"widget\" data-e-type=\"widget\" data-settings=\"{&quot;_animation&quot;:&quot;fadeInUp&quot;}\" data-widget_type=\"text-editor.default\">\n\t\t\t\t<div class=\"elementor-widget-container\">\n\t\t\t\t\t\t\t\t\t<p>L&rsquo;Institut est activement engag\u00e9 dans la promotion de la durabilit\u00e9 environnementale et sociale par le biais d&rsquo;une s\u00e9rie de pratiques innovantes et responsables. Fond\u00e9 sur les principes de l&rsquo;OCDE et les normes internationales d&rsquo;excellence, notre institut vise \u00e0 cr\u00e9er un environnement d&rsquo;apprentissage et de travail qui contribue de mani\u00e8re positive \u00e0 la soci\u00e9t\u00e9 et \u00e0 l&rsquo;environnement. La participation active des \u00e9tudiants, du personnel et des collaborateurs est essentielle pour atteindre nos objectifs et construire un avenir plus durable et plus inclusif.<\/p>\n<p><strong>Objectifs environnementaux<\/strong><\/p>\n<p>Les objectifs environnementaux de l&rsquo;Institut sont ax\u00e9s sur la r\u00e9duction de l&rsquo;impact \u00e9cologique et la promotion de pratiques durables. Les principales initiatives sont les suivantes :<\/p>\n<ul>\n<li>Gestion des d\u00e9chets : mise en \u0153uvre de la collecte s\u00e9lective des d\u00e9chets et promotion des mat\u00e9riaux r\u00e9utilisables.<\/li>\n<li>Efficacit\u00e9 \u00e9nerg\u00e9tique : adoption de technologies \u00e9conomes en \u00e9nergie, telles que l&rsquo;\u00e9clairage LED et les syst\u00e8mes de chauffage et de refroidissement \u00e9conomes en \u00e9nergie.<\/li>\n<li>Durabilit\u00e9 des infrastructures : utilisation de mat\u00e9riaux respectueux de l&rsquo;environnement dans la construction et l&rsquo;entretien des b\u00e2timents et promotion des espaces verts.<\/li>\n<li>\u00c9ducation et sensibilisation \u00e0 l&rsquo;environnement : int\u00e9gration de la durabilit\u00e9 dans les programmes d&rsquo;\u00e9tudes et organisation de campagnes de sensibilisation.<\/li>\n<\/ul>\n<p><strong>Objectifs sociaux<\/strong><\/p>\n<p>Les objectifs sociaux sont ax\u00e9s sur l&rsquo;am\u00e9lioration de la qualit\u00e9 de vie de la communaut\u00e9 de l&rsquo;Institut et comprennent notamment<\/p>\n<ul>\n<li>Promouvoir la diversit\u00e9 et l&rsquo;inclusion : cr\u00e9er un environnement accueillant et respectueux pour tous, avec des politiques qui garantissent l&rsquo;\u00e9galit\u00e9 des chances.<\/li>\n<li>Bien-\u00eatre et sant\u00e9 : initiatives de soutien psychologique, programmes de remise en forme et promotion de modes de vie sains.<\/li>\n<li>Impact et soutien \u00e0 la communaut\u00e9 : promotion du volontariat et collaboration avec les organisations locales.<\/li>\n<\/ul>\n\t\t\t\t\t\t\t\t<\/div>\n\t\t\t\t<\/div>\n\t\t\t\t\t<\/div>\r\n\t\t\t\t<\/div>\r\n\t\t\t\t\t<\/div>\r\n\t\t\t\t<\/section>\r\n\t\t\t\t<\/div>\n\t\t","protected":false},"excerpt":{"rendered":"<p>UN ENGAGEMENT CONCRET POUR L&rsquo;AVENIR L&rsquo;Institut est activement engag\u00e9 dans la promotion de la durabilit\u00e9 environnementale et sociale par le biais d&rsquo;une s\u00e9rie de pratiques innovantes et responsables. Fond\u00e9 sur les principes de l&rsquo;OCDE et les normes internationales d&rsquo;excellence, notre institut vise \u00e0 cr\u00e9er un environnement d&rsquo;apprentissage et de travail qui contribue de mani\u00e8re positive [&hellip;]<\/p>\n","protected":false},"author":4,"featured_media":0,"parent":0,"menu_order":0,"comment_status":"closed","ping_status":"closed","template":"","meta":{"_acf_changed":false,"footnotes":""},"class_list":["post-24937","page","type-page","status-publish","hentry"],"acf":[],"yoast_head":"<!-- This site is optimized with the Yoast SEO plugin v27.3 - https:\/\/yoast.com\/product\/yoast-seo-wordpress\/ -->\n<title>Strat\u00e9gies pour l&#039;avenir &#187; Campus L.U.De.S.<\/title>\n<meta name=\"robots\" content=\"index, follow, max-snippet:-1, max-image-preview:large, max-video-preview:-1\" \/>\n<link rel=\"canonical\" href=\"https:\/\/uniludes.ch\/fr\/rsi\/\" \/>\n<meta property=\"og:locale\" content=\"fr_FR\" \/>\n<meta property=\"og:type\" content=\"article\" \/>\n<meta property=\"og:title\" content=\"Strat\u00e9gies pour l&#039;avenir &#187; Campus L.U.De.S.\" \/>\n<meta property=\"og:description\" content=\"UN ENGAGEMENT CONCRET POUR L&rsquo;AVENIR L&rsquo;Institut est activement engag\u00e9 dans la promotion de la durabilit\u00e9 environnementale et sociale par le biais d&rsquo;une s\u00e9rie de pratiques innovantes et responsables. Fond\u00e9 sur les principes de l&rsquo;OCDE et les normes internationales d&rsquo;excellence, notre institut vise \u00e0 cr\u00e9er un environnement d&rsquo;apprentissage et de travail qui contribue de mani\u00e8re positive [&hellip;]\" \/>\n<meta property=\"og:url\" content=\"https:\/\/uniludes.ch\/fr\/rsi\/\" \/>\n<meta property=\"og:site_name\" content=\"Campus L.U.De.S.\" \/>\n<meta property=\"article:publisher\" content=\"https:\/\/www.facebook.com\/LudesLuganoCampus\/\" \/>\n<meta property=\"article:modified_time\" content=\"2024-08-09T08:17:10+00:00\" \/>\n<meta property=\"og:image\" content=\"https:\/\/uniludes.ch\/wp-content\/uploads\/2023\/03\/beauty_home_slide1_dots.png\" \/>\n<meta name=\"twitter:card\" content=\"summary_large_image\" \/>\n<meta name=\"twitter:label1\" content=\"Dur\u00e9e de lecture estim\u00e9e\" \/>\n\t<meta name=\"twitter:data1\" content=\"2 minutes\" \/>\n<script type=\"application\/ld+json\" class=\"yoast-schema-graph\">{\"@context\":\"https:\\\/\\\/schema.org\",\"@graph\":[{\"@type\":\"WebPage\",\"@id\":\"https:\\\/\\\/uniludes.ch\\\/fr\\\/rsi\\\/\",\"url\":\"https:\\\/\\\/uniludes.ch\\\/fr\\\/rsi\\\/\",\"name\":\"Strat\u00e9gies pour l'avenir &#187; Campus L.U.De.S.\",\"isPartOf\":{\"@id\":\"https:\\\/\\\/uniludes.ch\\\/fr\\\/#website\"},\"primaryImageOfPage\":{\"@id\":\"https:\\\/\\\/uniludes.ch\\\/fr\\\/rsi\\\/#primaryimage\"},\"image\":{\"@id\":\"https:\\\/\\\/uniludes.ch\\\/fr\\\/rsi\\\/#primaryimage\"},\"thumbnailUrl\":\"https:\\\/\\\/uniludes.ch\\\/wp-content\\\/uploads\\\/2023\\\/03\\\/beauty_home_slide1_dots.png\",\"datePublished\":\"2024-07-03T10:17:25+00:00\",\"dateModified\":\"2024-08-09T08:17:10+00:00\",\"breadcrumb\":{\"@id\":\"https:\\\/\\\/uniludes.ch\\\/fr\\\/rsi\\\/#breadcrumb\"},\"inLanguage\":\"fr-FR\",\"potentialAction\":[{\"@type\":\"ReadAction\",\"target\":[\"https:\\\/\\\/uniludes.ch\\\/fr\\\/rsi\\\/\"]}]},{\"@type\":\"ImageObject\",\"inLanguage\":\"fr-FR\",\"@id\":\"https:\\\/\\\/uniludes.ch\\\/fr\\\/rsi\\\/#primaryimage\",\"url\":\"https:\\\/\\\/uniludes.ch\\\/wp-content\\\/uploads\\\/2023\\\/03\\\/beauty_home_slide1_dots.png\",\"contentUrl\":\"https:\\\/\\\/uniludes.ch\\\/wp-content\\\/uploads\\\/2023\\\/03\\\/beauty_home_slide1_dots.png\"},{\"@type\":\"BreadcrumbList\",\"@id\":\"https:\\\/\\\/uniludes.ch\\\/fr\\\/rsi\\\/#breadcrumb\",\"itemListElement\":[{\"@type\":\"ListItem\",\"position\":1,\"name\":\"Home\",\"item\":\"https:\\\/\\\/uniludes.ch\\\/fr\\\/\"},{\"@type\":\"ListItem\",\"position\":2,\"name\":\"RSE\"}]},{\"@type\":\"WebSite\",\"@id\":\"https:\\\/\\\/uniludes.ch\\\/fr\\\/#website\",\"url\":\"https:\\\/\\\/uniludes.ch\\\/fr\\\/\",\"name\":\"Campus L.U.De.S.\",\"description\":\"Istituto Universitario Professionale *\",\"publisher\":{\"@id\":\"https:\\\/\\\/uniludes.ch\\\/fr\\\/#organization\"},\"potentialAction\":[{\"@type\":\"SearchAction\",\"target\":{\"@type\":\"EntryPoint\",\"urlTemplate\":\"https:\\\/\\\/uniludes.ch\\\/fr\\\/?s={search_term_string}\"},\"query-input\":{\"@type\":\"PropertyValueSpecification\",\"valueRequired\":true,\"valueName\":\"search_term_string\"}}],\"inLanguage\":\"fr-FR\"},{\"@type\":\"Organization\",\"@id\":\"https:\\\/\\\/uniludes.ch\\\/fr\\\/#organization\",\"name\":\"Campus L.U.De.S.\",\"url\":\"https:\\\/\\\/uniludes.ch\\\/fr\\\/\",\"logo\":{\"@type\":\"ImageObject\",\"inLanguage\":\"fr-FR\",\"@id\":\"https:\\\/\\\/uniludes.ch\\\/fr\\\/#\\\/schema\\\/logo\\\/image\\\/\",\"url\":\"https:\\\/\\\/uniludes.ch\\\/wp-content\\\/uploads\\\/2023\\\/03\\\/LOGO-PER-SITO-350X100.png\",\"contentUrl\":\"https:\\\/\\\/uniludes.ch\\\/wp-content\\\/uploads\\\/2023\\\/03\\\/LOGO-PER-SITO-350X100.png\",\"width\":350,\"height\":100,\"caption\":\"Campus L.U.De.S.\"},\"image\":{\"@id\":\"https:\\\/\\\/uniludes.ch\\\/fr\\\/#\\\/schema\\\/logo\\\/image\\\/\"},\"sameAs\":[\"https:\\\/\\\/www.facebook.com\\\/LudesLuganoCampus\\\/\",\"https:\\\/\\\/www.linkedin.com\\\/company\\\/l-u-de-s-university\\\/about\\\/\",\"https:\\\/\\\/www.instagram.com\\\/ludes_lugano_campus\\\/\"]}]}<\/script>\n<!-- \/ Yoast SEO plugin. -->","yoast_head_json":{"title":"Strat\u00e9gies pour l'avenir &#187; Campus L.U.De.S.","robots":{"index":"index","follow":"follow","max-snippet":"max-snippet:-1","max-image-preview":"max-image-preview:large","max-video-preview":"max-video-preview:-1"},"canonical":"https:\/\/uniludes.ch\/fr\/rsi\/","og_locale":"fr_FR","og_type":"article","og_title":"Strat\u00e9gies pour l'avenir &#187; Campus L.U.De.S.","og_description":"UN ENGAGEMENT CONCRET POUR L&rsquo;AVENIR L&rsquo;Institut est activement engag\u00e9 dans la promotion de la durabilit\u00e9 environnementale et sociale par le biais d&rsquo;une s\u00e9rie de pratiques innovantes et responsables. Fond\u00e9 sur les principes de l&rsquo;OCDE et les normes internationales d&rsquo;excellence, notre institut vise \u00e0 cr\u00e9er un environnement d&rsquo;apprentissage et de travail qui contribue de mani\u00e8re positive [&hellip;]","og_url":"https:\/\/uniludes.ch\/fr\/rsi\/","og_site_name":"Campus L.U.De.S.","article_publisher":"https:\/\/www.facebook.com\/LudesLuganoCampus\/","article_modified_time":"2024-08-09T08:17:10+00:00","og_image":[{"url":"https:\/\/uniludes.ch\/wp-content\/uploads\/2023\/03\/beauty_home_slide1_dots.png","type":"","width":"","height":""}],"twitter_card":"summary_large_image","twitter_misc":{"Dur\u00e9e de lecture estim\u00e9e":"2 minutes"},"schema":{"@context":"https:\/\/schema.org","@graph":[{"@type":"WebPage","@id":"https:\/\/uniludes.ch\/fr\/rsi\/","url":"https:\/\/uniludes.ch\/fr\/rsi\/","name":"Strat\u00e9gies pour l'avenir &#187; Campus L.U.De.S.","isPartOf":{"@id":"https:\/\/uniludes.ch\/fr\/#website"},"primaryImageOfPage":{"@id":"https:\/\/uniludes.ch\/fr\/rsi\/#primaryimage"},"image":{"@id":"https:\/\/uniludes.ch\/fr\/rsi\/#primaryimage"},"thumbnailUrl":"https:\/\/uniludes.ch\/wp-content\/uploads\/2023\/03\/beauty_home_slide1_dots.png","datePublished":"2024-07-03T10:17:25+00:00","dateModified":"2024-08-09T08:17:10+00:00","breadcrumb":{"@id":"https:\/\/uniludes.ch\/fr\/rsi\/#breadcrumb"},"inLanguage":"fr-FR","potentialAction":[{"@type":"ReadAction","target":["https:\/\/uniludes.ch\/fr\/rsi\/"]}]},{"@type":"ImageObject","inLanguage":"fr-FR","@id":"https:\/\/uniludes.ch\/fr\/rsi\/#primaryimage","url":"https:\/\/uniludes.ch\/wp-content\/uploads\/2023\/03\/beauty_home_slide1_dots.png","contentUrl":"https:\/\/uniludes.ch\/wp-content\/uploads\/2023\/03\/beauty_home_slide1_dots.png"},{"@type":"BreadcrumbList","@id":"https:\/\/uniludes.ch\/fr\/rsi\/#breadcrumb","itemListElement":[{"@type":"ListItem","position":1,"name":"Home","item":"https:\/\/uniludes.ch\/fr\/"},{"@type":"ListItem","position":2,"name":"RSE"}]},{"@type":"WebSite","@id":"https:\/\/uniludes.ch\/fr\/#website","url":"https:\/\/uniludes.ch\/fr\/","name":"Campus L.U.De.S.","description":"Istituto Universitario Professionale *","publisher":{"@id":"https:\/\/uniludes.ch\/fr\/#organization"},"potentialAction":[{"@type":"SearchAction","target":{"@type":"EntryPoint","urlTemplate":"https:\/\/uniludes.ch\/fr\/?s={search_term_string}"},"query-input":{"@type":"PropertyValueSpecification","valueRequired":true,"valueName":"search_term_string"}}],"inLanguage":"fr-FR"},{"@type":"Organization","@id":"https:\/\/uniludes.ch\/fr\/#organization","name":"Campus L.U.De.S.","url":"https:\/\/uniludes.ch\/fr\/","logo":{"@type":"ImageObject","inLanguage":"fr-FR","@id":"https:\/\/uniludes.ch\/fr\/#\/schema\/logo\/image\/","url":"https:\/\/uniludes.ch\/wp-content\/uploads\/2023\/03\/LOGO-PER-SITO-350X100.png","contentUrl":"https:\/\/uniludes.ch\/wp-content\/uploads\/2023\/03\/LOGO-PER-SITO-350X100.png","width":350,"height":100,"caption":"Campus L.U.De.S."},"image":{"@id":"https:\/\/uniludes.ch\/fr\/#\/schema\/logo\/image\/"},"sameAs":["https:\/\/www.facebook.com\/LudesLuganoCampus\/","https:\/\/www.linkedin.com\/company\/l-u-de-s-university\/about\/","https:\/\/www.instagram.com\/ludes_lugano_campus\/"]}]}},"_links":{"self":[{"href":"https:\/\/uniludes.ch\/fr\/wp-json\/wp\/v2\/pages\/24937","targetHints":{"allow":["GET"]}}],"collection":[{"href":"https:\/\/uniludes.ch\/fr\/wp-json\/wp\/v2\/pages"}],"about":[{"href":"https:\/\/uniludes.ch\/fr\/wp-json\/wp\/v2\/types\/page"}],"author":[{"embeddable":true,"href":"https:\/\/uniludes.ch\/fr\/wp-json\/wp\/v2\/users\/4"}],"replies":[{"embeddable":true,"href":"https:\/\/uniludes.ch\/fr\/wp-json\/wp\/v2\/comments?post=24937"}],"version-history":[{"count":0,"href":"https:\/\/uniludes.ch\/fr\/wp-json\/wp\/v2\/pages\/24937\/revisions"}],"wp:attachment":[{"href":"https:\/\/uniludes.ch\/fr\/wp-json\/wp\/v2\/media?parent=24937"}],"curies":[{"name":"wp","href":"https:\/\/api.w.org\/{rel}","templated":true}]}}