{"id":22563,"date":"2024-06-14T12:11:35","date_gmt":"2024-06-14T10:11:35","guid":{"rendered":"https:\/\/uniludes.ch\/?page_id=22563"},"modified":"2026-05-11T11:42:04","modified_gmt":"2026-05-11T09:42:04","slug":"systeme-de-recherche","status":"publish","type":"page","link":"https:\/\/uniludes.ch\/fr\/systeme-de-recherche\/","title":{"rendered":"Syst\u00e8me de recherche"},"content":{"rendered":"\t\t<div data-elementor-type=\"wp-page\" data-elementor-id=\"22563\" class=\"elementor elementor-22563 elementor-22341\">\n\t\t\t\t<div class=\"elementor-element elementor-element-c01c381 e-flex e-con-boxed e-con e-parent\" data-id=\"c01c381\" data-element_type=\"container\" data-e-type=\"container\">\r\n\t\t\t\t\t<div class=\"e-con-inner\">\r\n\t\t\t\t<div class=\"elementor-element elementor-element-c7edd6e elementor-widget elementor-widget-text-editor\" data-id=\"c7edd6e\" data-element_type=\"widget\" data-e-type=\"widget\" data-widget_type=\"text-editor.default\">\n\t\t\t\t<div class=\"elementor-widget-container\">\n\t\t\t\t\t\t\t\t\t<p>La capacit\u00e9 de former des professionnels d\u2019excellence d\u00e9pend \u00e9galement, et de mani\u00e8re significative, de la pr\u00e9sence de centres de recherche de pointe permettant aux enseignants de se tenir inform\u00e9s des derni\u00e8res innovations du secteur et d\u2019\u00eatre eux-m\u00eames en mesure de produire de l\u2019innovation.<\/p><p>Au sein du Campus LUDES, six centres de recherche sont actifs et visent \u00e0 concevoir et d\u00e9velopper des projets de recherche fondamentale et appliqu\u00e9e dans des domaines li\u00e9s \u00e0 leurs champs d\u2019enseignement respectifs. Chaque centre a pour objectif d\u2019\u00e9laborer et de diffuser l\u2019innovation dans son domaine, en se confrontant en premier lieu \u00e0 l\u2019\u00e9tat de l\u2019art, en identifiant ses limites et ses besoins, en d\u00e9veloppant des innovations capables d\u2019y r\u00e9pondre, puis en \u00e9valuant l\u2019impact des r\u00e9sultats de la recherche sur le domaine professionnel sp\u00e9cifique et, plus largement, sur la soci\u00e9t\u00e9 elle-m\u00eame.<\/p><p>Chaque centre de recherche est dirig\u00e9 par un directeur, qui en coordonne les activit\u00e9s, promeut les projets et supervise l\u2019avancement des recherches. Les directeurs se r\u00e9unissent au sein du Comit\u00e9 scientifique de la recherche (CSR), lequel fait office de structure de coordination entre les diff\u00e9rents centres, assurant des fonctions \u00e0 la fois consultatives et d\u00e9cisionnelles, en \u00e9valuant les propositions de recherche, en formulant des avis sur les technologies innovantes \u00e0 utiliser et en g\u00e9rant les relations avec les laboratoires de soutien \u00e0 la recherche.<\/p><p>L\u2019activit\u00e9 de recherche fait l\u2019objet d\u2019une \u00e9valuation annuelle par un comit\u00e9 externe compos\u00e9 d\u2019experts de renomm\u00e9e internationale dans les domaines concern\u00e9s.<\/p><p>Les centres de recherche constituent des outils essentiels pour renforcer le lien entre recherche et enseignement, contribuant de mani\u00e8re significative \u00e0 la formation des futurs professionnels et \u00e0 l\u2019innovation dans les secteurs de r\u00e9f\u00e9rence.<\/p><p>e-mail : <a href=\"mailto:research@uniludes.ch\">research@uniludes.ch<\/a><\/p>\t\t\t\t\t\t\t\t<\/div>\n\t\t\t\t<\/div>\n\t\t\t\t\t<\/div>\n\t\t\t\t<\/div>\n\t\t<div class=\"elementor-element elementor-element-94b2a53 e-flex e-con-boxed e-con e-parent\" data-id=\"94b2a53\" data-element_type=\"container\" data-e-type=\"container\">\r\n\t\t\t\t\t<div class=\"e-con-inner\">\r\n\t\t\t\t<div class=\"elementor-element elementor-element-b0081a4 elementor-widget elementor-widget-spacer\" data-id=\"b0081a4\" data-element_type=\"widget\" data-e-type=\"widget\" data-widget_type=\"spacer.default\">\n\t\t\t\t<div class=\"elementor-widget-container\">\n\t\t\t\t\t\t\t<div class=\"elementor-spacer\">\n\t\t\t<div class=\"elementor-spacer-inner\"><\/div>\n\t\t<\/div>\n\t\t\t\t\t\t<\/div>\n\t\t\t\t<\/div>\n\t\t\t\t\t<\/div>\n\t\t\t\t<\/div>\n\t\t<div class=\"elementor-element elementor-element-457d9c8 e-flex e-con-boxed e-con e-parent\" data-id=\"457d9c8\" data-element_type=\"container\" data-e-type=\"container\">\r\n\t\t\t\t\t<div class=\"e-con-inner\">\r\n\t\t\t\t<div class=\"elementor-element elementor-element-162636d elementor-widget elementor-widget-porto_posts_grid\" data-id=\"162636d\" data-element_type=\"widget\" data-e-type=\"widget\" data-settings=\"{&quot;spacing&quot;:{&quot;unit&quot;:&quot;px&quot;,&quot;size&quot;:&quot;&quot;,&quot;sizes&quot;:[]}}\" data-widget_type=\"porto_posts_grid.default\">\n\t\t\t\t<div class=\"elementor-widget-container\">\n\t\t\t\t\t<div class=\"porto-posts-grid porto-posts-grid-d751713988987e9331980363e24189ce porto-members554y\"><style scope=\"scope\"><\/style><div class=\"posts-wrap members-container has-ccols ccols-xl-3 ccols-md-2 ccols-1 has-ccols-spacing\" style=\"\">\r\n\t<article class=\"member porto-tb-item centres-de-recherche post-30848 type-member status-publish has-post-thumbnail hentry member_cat-centres-de-recherche\">\r\n\t\t\t\t<h3 class=\"entry-title\" style=\"display: none;\">Laboratoire de conception et recherche<\/h3><span class=\"vcard\" style=\"display: none;\"><span class=\"fn\"><a href=\"https:\/\/uniludes.ch\/fr\/author\/joelle\/\" title=\"Articles par joelle\" rel=\"author\">joelle<\/a><\/span><\/span><span class=\"updated\" style=\"display:none\">2025-04-15T12:58:18+02:00<\/span>\t\t<div class=\"member-item \">\r\n\t\t\t<div class=\"thumb-info thumb-info-hide-wrapper-bg\">\r\n\r\n\t\t\t\t<div class=\"thumb-info-wrapper \">\r\n\t\t\t\t\t\t\t\t\t\t<div class=\"thumb-member-container \">\r\n\t\t\t\t\t\t<a class=\"text-decoration-none member-image\" aria-label=\"Go To Single Member\" href=\"https:\/\/uniludes.ch\/fr\/member\/laboratoire-de-conception-et-recherche\/\">\r\n\t\t\t\t\t\t<img fetchpriority=\"high\" decoding=\"async\" class=\"img-responsive\" width=\"367\" height=\"367\" src=\"https:\/\/uniludes.ch\/wp-content\/uploads\/2025\/01\/medium-shot-people-looking-post-its-367x367.jpg\" alt=\"\" \/>\r\n\t\t\t\t\t\t<\/a>\r\n\r\n\t\t\t\t\t\t\t\t\t\t\t\t\t\t\t\t\t\t\t\t\t\t\t\t<\/div>\r\n\t\t\t\t\t<a aria-label=\"Go To the single member\" class=\"text-decoration-none member-info-container\" href=\"https:\/\/uniludes.ch\/fr\/member\/laboratoire-de-conception-et-recherche\/\">\r\n\t\t\t\t\t\t\t\t\t\t\t\t<span class=\"thumb-info-title\">\r\n\t\t\t\t\t\t\t<span class=\"thumb-info-inner\">Laboratoire de conception et recherche<\/span>\r\n\t\t\t\t\t\t\t\t\t\t\t\t\t\t\t<span class=\"thumb-info-type\">Laboratoire de conception et recherche <\/span>\r\n\t\t\t\t\t\t\t\t\t\t\t\t\t<\/span>\r\n\t\t\t\t\t\t\t\t\t\t\t\t\t\t\t\t\t\t<span class=\"zoom\" data-src=\"https:\/\/uniludes.ch\/wp-content\/uploads\/2025\/01\/medium-shot-people-looking-post-its-scaled.jpg\" data-title=\"\"><i class=\"fas fa-search\"><\/i><\/span>\r\n\t\t\t\t\t\t\t\t\t\t<\/a>\r\n\t\t\t\t<\/div>\r\n\t\t\t\t<!--Thumb info wrapper end-->\r\n\t\t\t\t<!--Thumb info container -->\r\n\t\t\t\t<div class=\"thumb-info-container\"> \r\n\t\t\t\t\t<a aria-label=\"Laboratoire de conception et recherche\" class=\"text-decoration-none member-info-container\" href=\"https:\/\/uniludes.ch\/fr\/member\/laboratoire-de-conception-et-recherche\/\">\r\n\t\t\t\t\t\t\t\t\t\t\t\t\t\t\t<\/a>\r\n\r\n\t\t\t\t\t\t\t\t\t\t<div class=\"thumb-info-caption\">\r\n\t\t\t\t\t\t\t\t\t\t\t\t\t<div class=\"thumb-info-caption-text\">\r\n\t\t\t\t\t\t\t\t<p>Le laboratoire de conception, de recherche et de d\u00e9veloppement du campus de Ludes se&#8230;<\/p>\n\t\t\t\t\t\t\t<\/div>\r\n\t\t\t\t\t\t\t\t\t\t\t\t\t\t\t\t\t<\/div>\r\n\t\t\t\t\t\t\t\t\t\t\t\t\t\t<\/div>\r\n\t\t\t<\/div>\r\n\t\t<\/div>\r\n\t<\/article>\r\n\t\r\n\t<article class=\"member porto-tb-item centres-de-recherche post-22482 type-member status-publish has-post-thumbnail hentry member_cat-centres-de-recherche\">\r\n\t\t\t\t<h3 class=\"entry-title\" style=\"display: none;\">Dimuschel<\/h3><span class=\"vcard\" style=\"display: none;\"><span class=\"fn\"><a href=\"https:\/\/uniludes.ch\/fr\/author\/promotinguniludes-ch\/\" title=\"Articles par MICHELA DEPINO\" rel=\"author\">MICHELA DEPINO<\/a><\/span><\/span><span class=\"updated\" style=\"display:none\">2026-05-07T12:16:39+02:00<\/span>\t\t<div class=\"member-item \">\r\n\t\t\t<div class=\"thumb-info thumb-info-hide-wrapper-bg\">\r\n\r\n\t\t\t\t<div class=\"thumb-info-wrapper \">\r\n\t\t\t\t\t\t\t\t\t\t<div class=\"thumb-member-container \">\r\n\t\t\t\t\t\t<a class=\"text-decoration-none member-image\" aria-label=\"Go To Single Member\" href=\"https:\/\/uniludes.ch\/fr\/member\/dimuschel\/\">\r\n\t\t\t\t\t\t<img decoding=\"async\" class=\"img-responsive\" width=\"367\" height=\"367\" src=\"https:\/\/uniludes.ch\/wp-content\/uploads\/2023\/03\/corso-laurea-in-fisioterapia-367x367.jpg\" alt=\"\" \/>\r\n\t\t\t\t\t\t<\/a>\r\n\r\n\t\t\t\t\t\t\t\t\t\t\t\t\t\t\t\t\t\t\t\t\t\t\t\t<\/div>\r\n\t\t\t\t\t<a aria-label=\"Go To the single member\" class=\"text-decoration-none member-info-container\" href=\"https:\/\/uniludes.ch\/fr\/member\/dimuschel\/\">\r\n\t\t\t\t\t\t\t\t\t\t\t\t<span class=\"thumb-info-title\">\r\n\t\t\t\t\t\t\t<span class=\"thumb-info-inner\">Dimuschel<\/span>\r\n\t\t\t\t\t\t\t\t\t\t\t\t\t\t\t<span class=\"thumb-info-type\">Centre de recherche sur la pr\u00e9vention et le traitement des troubles musculo-squelettiques dans le domaine sportif et professionnel. <\/span>\r\n\t\t\t\t\t\t\t\t\t\t\t\t\t<\/span>\r\n\t\t\t\t\t\t\t\t\t\t\t\t\t\t\t\t\t\t<span class=\"zoom\" data-src=\"https:\/\/uniludes.ch\/wp-content\/uploads\/2023\/03\/corso-laurea-in-fisioterapia.jpg\" data-title=\"Corso laurea in fisioterapia\"><i class=\"fas fa-search\"><\/i><\/span>\r\n\t\t\t\t\t\t\t\t\t\t<\/a>\r\n\t\t\t\t<\/div>\r\n\t\t\t\t<!--Thumb info wrapper end-->\r\n\t\t\t\t<!--Thumb info container -->\r\n\t\t\t\t<div class=\"thumb-info-container\"> \r\n\t\t\t\t\t<a aria-label=\"Dimuschel\" class=\"text-decoration-none member-info-container\" href=\"https:\/\/uniludes.ch\/fr\/member\/dimuschel\/\">\r\n\t\t\t\t\t\t\t\t\t\t\t\t\t\t\t<\/a>\r\n\r\n\t\t\t\t\t\t\t\t\t\t<div class=\"thumb-info-caption\">\r\n\t\t\t\t\t\t\t\t\t\t\t\t\t<div class=\"thumb-info-caption-text\">\r\n\t\t\t\t\t\t\t\t<p>Le Centre de Recherche sur les Troubles Musculo-Squelettiques (DIMUSCHEL) est dirig\u00e9 par le Prof&#8230;.<\/p>\n\t\t\t\t\t\t\t<\/div>\r\n\t\t\t\t\t\t\t\t\t\t\t\t\t\t\t\t\t<\/div>\r\n\t\t\t\t\t\t\t\t\t\t\t\t\t\t<\/div>\r\n\t\t\t<\/div>\r\n\t\t<\/div>\r\n\t<\/article>\r\n\t<\/div><\/div>\t\t\t\t<\/div>\n\t\t\t\t<\/div>\n\t\t\t\t\t<\/div>\n\t\t\t\t<\/div>\n\t\t\t\t<\/div>\n\t\t","protected":false},"excerpt":{"rendered":"<p>La capacit\u00e9 de former des professionnels d\u2019excellence d\u00e9pend \u00e9galement, et de mani\u00e8re significative, de la pr\u00e9sence de centres de recherche de pointe permettant aux enseignants de se tenir inform\u00e9s des derni\u00e8res innovations du secteur et d\u2019\u00eatre eux-m\u00eames en mesure de produire de l\u2019innovation. Au sein du Campus LUDES, six centres de recherche sont actifs et [&hellip;]<\/p>\n","protected":false},"author":6,"featured_media":0,"parent":0,"menu_order":0,"comment_status":"closed","ping_status":"closed","template":"","meta":{"_acf_changed":false,"footnotes":""},"class_list":["post-22563","page","type-page","status-publish","hentry"],"acf":[],"yoast_head":"<!-- This site is optimized with the Yoast SEO plugin v27.5 - https:\/\/yoast.com\/product\/yoast-seo-wordpress\/ -->\n<title>Syst\u00e8me de recherche &#187; Campus L.U.De.S.<\/title>\n<meta name=\"robots\" content=\"index, follow, max-snippet:-1, max-image-preview:large, max-video-preview:-1\" \/>\n<link rel=\"canonical\" href=\"https:\/\/uniludes.ch\/fr\/systeme-de-recherche\/\" \/>\n<meta property=\"og:locale\" content=\"fr_FR\" \/>\n<meta property=\"og:type\" content=\"article\" \/>\n<meta property=\"og:title\" content=\"Syst\u00e8me de recherche &#187; Campus L.U.De.S.\" \/>\n<meta property=\"og:description\" content=\"La capacit\u00e9 de former des professionnels d\u2019excellence d\u00e9pend \u00e9galement, et de mani\u00e8re significative, de la pr\u00e9sence de centres de recherche de pointe permettant aux enseignants de se tenir inform\u00e9s des derni\u00e8res innovations du secteur et d\u2019\u00eatre eux-m\u00eames en mesure de produire de l\u2019innovation. Au sein du Campus LUDES, six centres de recherche sont actifs et [&hellip;]\" \/>\n<meta property=\"og:url\" content=\"https:\/\/uniludes.ch\/fr\/systeme-de-recherche\/\" \/>\n<meta property=\"og:site_name\" content=\"Campus L.U.De.S.\" \/>\n<meta property=\"article:publisher\" content=\"https:\/\/www.facebook.com\/LudesLuganoCampus\/\" \/>\n<meta property=\"article:modified_time\" content=\"2026-05-11T09:42:04+00:00\" \/>\n<meta property=\"og:image\" content=\"https:\/\/uniludes.ch\/wp-content\/uploads\/2025\/01\/medium-shot-people-looking-post-its-367x367.jpg\" \/>\n<meta name=\"twitter:card\" content=\"summary_large_image\" \/>\n<meta name=\"twitter:label1\" content=\"Dur\u00e9e de lecture estim\u00e9e\" \/>\n\t<meta name=\"twitter:data1\" content=\"3 minutes\" \/>\n<script type=\"application\/ld+json\" class=\"yoast-schema-graph\">{\"@context\":\"https:\\\/\\\/schema.org\",\"@graph\":[{\"@type\":\"WebPage\",\"@id\":\"https:\\\/\\\/uniludes.ch\\\/fr\\\/systeme-de-recherche\\\/\",\"url\":\"https:\\\/\\\/uniludes.ch\\\/fr\\\/systeme-de-recherche\\\/\",\"name\":\"Syst\u00e8me de recherche &#187; Campus L.U.De.S.\",\"isPartOf\":{\"@id\":\"https:\\\/\\\/uniludes.ch\\\/fr\\\/#website\"},\"primaryImageOfPage\":{\"@id\":\"https:\\\/\\\/uniludes.ch\\\/fr\\\/systeme-de-recherche\\\/#primaryimage\"},\"image\":{\"@id\":\"https:\\\/\\\/uniludes.ch\\\/fr\\\/systeme-de-recherche\\\/#primaryimage\"},\"thumbnailUrl\":\"https:\\\/\\\/uniludes.ch\\\/wp-content\\\/uploads\\\/2025\\\/01\\\/medium-shot-people-looking-post-its-367x367.jpg\",\"datePublished\":\"2024-06-14T10:11:35+00:00\",\"dateModified\":\"2026-05-11T09:42:04+00:00\",\"breadcrumb\":{\"@id\":\"https:\\\/\\\/uniludes.ch\\\/fr\\\/systeme-de-recherche\\\/#breadcrumb\"},\"inLanguage\":\"fr-FR\",\"potentialAction\":[{\"@type\":\"ReadAction\",\"target\":[\"https:\\\/\\\/uniludes.ch\\\/fr\\\/systeme-de-recherche\\\/\"]}]},{\"@type\":\"ImageObject\",\"inLanguage\":\"fr-FR\",\"@id\":\"https:\\\/\\\/uniludes.ch\\\/fr\\\/systeme-de-recherche\\\/#primaryimage\",\"url\":\"https:\\\/\\\/uniludes.ch\\\/wp-content\\\/uploads\\\/2025\\\/01\\\/medium-shot-people-looking-post-its-367x367.jpg\",\"contentUrl\":\"https:\\\/\\\/uniludes.ch\\\/wp-content\\\/uploads\\\/2025\\\/01\\\/medium-shot-people-looking-post-its-367x367.jpg\"},{\"@type\":\"BreadcrumbList\",\"@id\":\"https:\\\/\\\/uniludes.ch\\\/fr\\\/systeme-de-recherche\\\/#breadcrumb\",\"itemListElement\":[{\"@type\":\"ListItem\",\"position\":1,\"name\":\"Home\",\"item\":\"https:\\\/\\\/uniludes.ch\\\/fr\\\/\"},{\"@type\":\"ListItem\",\"position\":2,\"name\":\"Syst\u00e8me de recherche\"}]},{\"@type\":\"WebSite\",\"@id\":\"https:\\\/\\\/uniludes.ch\\\/fr\\\/#website\",\"url\":\"https:\\\/\\\/uniludes.ch\\\/fr\\\/\",\"name\":\"Campus L.U.De.S.\",\"description\":\"Istituto Universitario Professionale *\",\"publisher\":{\"@id\":\"https:\\\/\\\/uniludes.ch\\\/fr\\\/#organization\"},\"potentialAction\":[{\"@type\":\"SearchAction\",\"target\":{\"@type\":\"EntryPoint\",\"urlTemplate\":\"https:\\\/\\\/uniludes.ch\\\/fr\\\/?s={search_term_string}\"},\"query-input\":{\"@type\":\"PropertyValueSpecification\",\"valueRequired\":true,\"valueName\":\"search_term_string\"}}],\"inLanguage\":\"fr-FR\"},{\"@type\":\"Organization\",\"@id\":\"https:\\\/\\\/uniludes.ch\\\/fr\\\/#organization\",\"name\":\"Campus L.U.De.S.\",\"url\":\"https:\\\/\\\/uniludes.ch\\\/fr\\\/\",\"logo\":{\"@type\":\"ImageObject\",\"inLanguage\":\"fr-FR\",\"@id\":\"https:\\\/\\\/uniludes.ch\\\/fr\\\/#\\\/schema\\\/logo\\\/image\\\/\",\"url\":\"https:\\\/\\\/uniludes.ch\\\/wp-content\\\/uploads\\\/2023\\\/03\\\/LOGO-PER-SITO-350X100.png\",\"contentUrl\":\"https:\\\/\\\/uniludes.ch\\\/wp-content\\\/uploads\\\/2023\\\/03\\\/LOGO-PER-SITO-350X100.png\",\"width\":350,\"height\":100,\"caption\":\"Campus L.U.De.S.\"},\"image\":{\"@id\":\"https:\\\/\\\/uniludes.ch\\\/fr\\\/#\\\/schema\\\/logo\\\/image\\\/\"},\"sameAs\":[\"https:\\\/\\\/www.facebook.com\\\/LudesLuganoCampus\\\/\",\"https:\\\/\\\/www.linkedin.com\\\/company\\\/l-u-de-s-university\\\/about\\\/\",\"https:\\\/\\\/www.instagram.com\\\/ludes_lugano_campus\\\/\"]}]}<\/script>\n<!-- \/ Yoast SEO plugin. -->","yoast_head_json":{"title":"Syst\u00e8me de recherche &#187; Campus L.U.De.S.","robots":{"index":"index","follow":"follow","max-snippet":"max-snippet:-1","max-image-preview":"max-image-preview:large","max-video-preview":"max-video-preview:-1"},"canonical":"https:\/\/uniludes.ch\/fr\/systeme-de-recherche\/","og_locale":"fr_FR","og_type":"article","og_title":"Syst\u00e8me de recherche &#187; Campus L.U.De.S.","og_description":"La capacit\u00e9 de former des professionnels d\u2019excellence d\u00e9pend \u00e9galement, et de mani\u00e8re significative, de la pr\u00e9sence de centres de recherche de pointe permettant aux enseignants de se tenir inform\u00e9s des derni\u00e8res innovations du secteur et d\u2019\u00eatre eux-m\u00eames en mesure de produire de l\u2019innovation. Au sein du Campus LUDES, six centres de recherche sont actifs et [&hellip;]","og_url":"https:\/\/uniludes.ch\/fr\/systeme-de-recherche\/","og_site_name":"Campus L.U.De.S.","article_publisher":"https:\/\/www.facebook.com\/LudesLuganoCampus\/","article_modified_time":"2026-05-11T09:42:04+00:00","og_image":[{"url":"https:\/\/uniludes.ch\/wp-content\/uploads\/2025\/01\/medium-shot-people-looking-post-its-367x367.jpg","type":"","width":"","height":""}],"twitter_card":"summary_large_image","twitter_misc":{"Dur\u00e9e de lecture estim\u00e9e":"3 minutes"},"schema":{"@context":"https:\/\/schema.org","@graph":[{"@type":"WebPage","@id":"https:\/\/uniludes.ch\/fr\/systeme-de-recherche\/","url":"https:\/\/uniludes.ch\/fr\/systeme-de-recherche\/","name":"Syst\u00e8me de recherche &#187; Campus L.U.De.S.","isPartOf":{"@id":"https:\/\/uniludes.ch\/fr\/#website"},"primaryImageOfPage":{"@id":"https:\/\/uniludes.ch\/fr\/systeme-de-recherche\/#primaryimage"},"image":{"@id":"https:\/\/uniludes.ch\/fr\/systeme-de-recherche\/#primaryimage"},"thumbnailUrl":"https:\/\/uniludes.ch\/wp-content\/uploads\/2025\/01\/medium-shot-people-looking-post-its-367x367.jpg","datePublished":"2024-06-14T10:11:35+00:00","dateModified":"2026-05-11T09:42:04+00:00","breadcrumb":{"@id":"https:\/\/uniludes.ch\/fr\/systeme-de-recherche\/#breadcrumb"},"inLanguage":"fr-FR","potentialAction":[{"@type":"ReadAction","target":["https:\/\/uniludes.ch\/fr\/systeme-de-recherche\/"]}]},{"@type":"ImageObject","inLanguage":"fr-FR","@id":"https:\/\/uniludes.ch\/fr\/systeme-de-recherche\/#primaryimage","url":"https:\/\/uniludes.ch\/wp-content\/uploads\/2025\/01\/medium-shot-people-looking-post-its-367x367.jpg","contentUrl":"https:\/\/uniludes.ch\/wp-content\/uploads\/2025\/01\/medium-shot-people-looking-post-its-367x367.jpg"},{"@type":"BreadcrumbList","@id":"https:\/\/uniludes.ch\/fr\/systeme-de-recherche\/#breadcrumb","itemListElement":[{"@type":"ListItem","position":1,"name":"Home","item":"https:\/\/uniludes.ch\/fr\/"},{"@type":"ListItem","position":2,"name":"Syst\u00e8me de recherche"}]},{"@type":"WebSite","@id":"https:\/\/uniludes.ch\/fr\/#website","url":"https:\/\/uniludes.ch\/fr\/","name":"Campus L.U.De.S.","description":"Istituto Universitario Professionale *","publisher":{"@id":"https:\/\/uniludes.ch\/fr\/#organization"},"potentialAction":[{"@type":"SearchAction","target":{"@type":"EntryPoint","urlTemplate":"https:\/\/uniludes.ch\/fr\/?s={search_term_string}"},"query-input":{"@type":"PropertyValueSpecification","valueRequired":true,"valueName":"search_term_string"}}],"inLanguage":"fr-FR"},{"@type":"Organization","@id":"https:\/\/uniludes.ch\/fr\/#organization","name":"Campus L.U.De.S.","url":"https:\/\/uniludes.ch\/fr\/","logo":{"@type":"ImageObject","inLanguage":"fr-FR","@id":"https:\/\/uniludes.ch\/fr\/#\/schema\/logo\/image\/","url":"https:\/\/uniludes.ch\/wp-content\/uploads\/2023\/03\/LOGO-PER-SITO-350X100.png","contentUrl":"https:\/\/uniludes.ch\/wp-content\/uploads\/2023\/03\/LOGO-PER-SITO-350X100.png","width":350,"height":100,"caption":"Campus L.U.De.S."},"image":{"@id":"https:\/\/uniludes.ch\/fr\/#\/schema\/logo\/image\/"},"sameAs":["https:\/\/www.facebook.com\/LudesLuganoCampus\/","https:\/\/www.linkedin.com\/company\/l-u-de-s-university\/about\/","https:\/\/www.instagram.com\/ludes_lugano_campus\/"]}]}},"_links":{"self":[{"href":"https:\/\/uniludes.ch\/fr\/wp-json\/wp\/v2\/pages\/22563","targetHints":{"allow":["GET"]}}],"collection":[{"href":"https:\/\/uniludes.ch\/fr\/wp-json\/wp\/v2\/pages"}],"about":[{"href":"https:\/\/uniludes.ch\/fr\/wp-json\/wp\/v2\/types\/page"}],"author":[{"embeddable":true,"href":"https:\/\/uniludes.ch\/fr\/wp-json\/wp\/v2\/users\/6"}],"replies":[{"embeddable":true,"href":"https:\/\/uniludes.ch\/fr\/wp-json\/wp\/v2\/comments?post=22563"}],"version-history":[{"count":6,"href":"https:\/\/uniludes.ch\/fr\/wp-json\/wp\/v2\/pages\/22563\/revisions"}],"predecessor-version":[{"id":44502,"href":"https:\/\/uniludes.ch\/fr\/wp-json\/wp\/v2\/pages\/22563\/revisions\/44502"}],"wp:attachment":[{"href":"https:\/\/uniludes.ch\/fr\/wp-json\/wp\/v2\/media?parent=22563"}],"curies":[{"name":"wp","href":"https:\/\/api.w.org\/{rel}","templated":true}]}}